{"id":3201,"date":"2022-06-14T18:12:37","date_gmt":"2022-06-14T16:12:37","guid":{"rendered":"https:\/\/extensu.com\/home\/"},"modified":"2024-04-15T14:22:11","modified_gmt":"2024-04-15T12:22:11","slug":"home","status":"publish","type":"page","link":"https:\/\/extensu.com\/de\/","title":{"rendered":"Extensu PP Designb\u00f6den"},"content":{"rendered":"\n\n  <section id=\"\" class=\"hd-content block-hd-content pt-mobile-x pb-mobile-x st-mobile-m sb-mobile-m pt-tablet-x pb-tablet-x st-tablet-m sb-tablet-m pt-desktop-x pb-desktop-x st-desktop-m sb-desktop-m bg-none \">\n    <div class=\"container\">\n      <div class=\"row equal-no justify-content-start align-content-unset\">\n                  \n                                        <div class=\"col-12 col-md-6 col-sm-12 col-lg-6 offset-0 offset-sm-0 \">\n                <div class=\"hd-content__wrap\">\n                                      \n                                              <div class=\"hd-content__paragraph hd-content__element text-grey block-st-s block-sb-s block-align-left section fadeup\">\n    <h2>Was ist<br \/>\nExtensu.<\/h2>\n<p>Extensu ist ein sch\u00f6ner, langlebiger Bodenbelag, der f\u00fcr minimale Umweltbelastung und maximalen Beitrag zu einem gesunden Raumklima entwickelt wurde.<\/p>\n<p>Extensu<br \/>\nEin mFLOR-Produkt<\/p>\n<ul>\n<li>Polypropylen: 100 % sicher<\/li>\n<li>Keine Weichmacher<\/li>\n<li>Frei von Phthalaten<\/li>\n<li>Enth\u00e4lt kein PVC<\/li>\n<\/ul>\n<\/div>                      \n                      \n                      \n                      \n                      \n                      \n                      \n                  \n                      \n                      \n                                              <div class=\"hd-content__btn hd-content__btn__auto block-st-s block-sb-s block-align-left\">\n    <a href=\"https:\/\/extensu.com\/what-is-extensu\/\" target=\"_self\" class=\"btn btn__orange btn__auto  btn__left\">Learn More<\/a>\n<\/div>                      \n                      \n                      \n                      \n                      \n                  \n                      \n                      \n                                              <div class=\"hd-content__btn hd-content__btn__auto block-st-s block-sb-s block-align-left\">\n    <a href=\"https:\/\/extensu.com\/collection\/\" target=\"_self\" class=\"btn btn__orange btn__auto  btn__left\">View our floors<\/a>\n<\/div>                      \n                      \n                      \n                      \n                      \n                                  <\/div>\n              <\/div>\n            \n          \n                                        <div class=\"col-12 col-md-5 col-sm-12 col-lg-5 offset-0 offset-md-1 offset-sm-0 offset-lg-1 \">\n                <div class=\"hd-content__wrap\">\n                                      \n                      \n                                              <div class=\"hd-content__image hd-content__element  block-st-s block-sb-s block-align-right\">\n            <img loading=\"lazy\" decoding=\"async\" width=\"460\" height=\"600\" src=\"https:\/\/extensu.com\/wp-content\/uploads\/2023\/04\/Serengi21801Portrait.jpg\" class=\"hd-content__image--img\" alt=\"\" srcset=\"https:\/\/extensu.com\/wp-content\/uploads\/2023\/04\/Serengi21801Portrait.jpg 460w, https:\/\/extensu.com\/wp-content\/uploads\/2023\/04\/Serengi21801Portrait-230x300.jpg 230w, https:\/\/extensu.com\/wp-content\/uploads\/2023\/04\/Serengi21801Portrait-200x261.jpg 200w\" sizes=\"auto, (max-width: 460px) 100vw, 460px\" \/>        <\/div>                      \n                      \n                      \n                      \n                      \n                      \n                                  <\/div>\n              <\/div>\n            \n                        <\/div>\n    <\/div>\n\n  <\/section>\n\n  \n\n\n\n    <section id=\"\" class=\"eztabs\">\n        <div class=\"eztabs__tabs\">\n            <ul>\n                \n                                                                    <li class=\"ez-tab-list-item\"><label>Awareness<input class=\"ez-tab-radio\" type=\"radio\" name=\"tab-toggler\"><\/label><\/li>\n                                                                    <li class=\"ez-tab-list-item\"><label>Beauty<input class=\"ez-tab-radio\" type=\"radio\" name=\"tab-toggler\"><\/label><\/li>\n                                                                    <li class=\"ez-tab-list-item\"><label>Circular<input class=\"ez-tab-radio\" type=\"radio\" name=\"tab-toggler\"><\/label><\/li>\n                                                <\/ul>\n        <\/div>\n        <div class=\"eztabs__content\">\n            <div class=\"eztabs__content--wrapper\">\n                \n                                            <span class=\"ez-tabs-content--head\">Awareness<\/span>\n                        <div class=\"ez-tabs-content\">\n                            Wir wollen einen Beitrag zu einem besseren Planeten leisten. Mit der Entwicklung eines gr\u00fcnen Bodens minimieren wir unseren \u00f6kologischen Fu\u00dfabdruck.\n \n\n                        <\/div>\n\n                                            <span class=\"ez-tabs-content--head\">Beauty<\/span>\n                        <div class=\"ez-tabs-content\">\n                            Wir glauben, dass die Entscheidung f\u00fcr Nachhaltigkeit niemals ein begrenzender Faktor f\u00fcr Ihr Design oder die Qualit\u00e4t des Bodens sein sollte.\n\n\n                        <\/div>\n\n                                            <span class=\"ez-tabs-content--head\">Circular<\/span>\n                        <div class=\"ez-tabs-content\">\n                            Wir haben diesen Boden mit Blick auf seine nachhaltigen Eigenschaften entworfen, damit er einen optimalen Produktlebenszyklus bietet.\n\n\n                        <\/div>\n\n                    \n                \n            <\/div>\n\n        <\/div>\n\n        <div class=\"eztabs__image\">\n            <div class=\"eztabs__image--wrapper\">\n                                                            <img loading=\"lazy\" decoding=\"async\" width=\"1280\" height=\"720\" src=\"https:\/\/extensu.com\/wp-content\/uploads\/2023\/03\/PlantingTree.jpg\" class=\"ez-tabs-image\" alt=\"\" srcset=\"https:\/\/extensu.com\/wp-content\/uploads\/2023\/03\/PlantingTree.jpg 1280w, https:\/\/extensu.com\/wp-content\/uploads\/2023\/03\/PlantingTree-600x338.jpg 600w, https:\/\/extensu.com\/wp-content\/uploads\/2023\/03\/PlantingTree-300x169.jpg 300w, https:\/\/extensu.com\/wp-content\/uploads\/2023\/03\/PlantingTree-1024x576.jpg 1024w, https:\/\/extensu.com\/wp-content\/uploads\/2023\/03\/PlantingTree-768x432.jpg 768w, https:\/\/extensu.com\/wp-content\/uploads\/2023\/03\/PlantingTree-200x113.jpg 200w\" sizes=\"auto, (max-width: 1280px) 100vw, 1280px\" \/>                                            <img loading=\"lazy\" decoding=\"async\" width=\"1280\" height=\"720\" src=\"https:\/\/extensu.com\/wp-content\/uploads\/2023\/03\/SerengetiZebras.jpg\" class=\"ez-tabs-image\" alt=\"\" srcset=\"https:\/\/extensu.com\/wp-content\/uploads\/2023\/03\/SerengetiZebras.jpg 1280w, https:\/\/extensu.com\/wp-content\/uploads\/2023\/03\/SerengetiZebras-600x338.jpg 600w, https:\/\/extensu.com\/wp-content\/uploads\/2023\/03\/SerengetiZebras-300x169.jpg 300w, https:\/\/extensu.com\/wp-content\/uploads\/2023\/03\/SerengetiZebras-1024x576.jpg 1024w, https:\/\/extensu.com\/wp-content\/uploads\/2023\/03\/SerengetiZebras-768x432.jpg 768w, https:\/\/extensu.com\/wp-content\/uploads\/2023\/03\/SerengetiZebras-200x113.jpg 200w\" sizes=\"auto, (max-width: 1280px) 100vw, 1280px\" \/>                                            <img loading=\"lazy\" decoding=\"async\" width=\"1280\" height=\"720\" src=\"https:\/\/extensu.com\/wp-content\/uploads\/2023\/03\/HandOnTree.jpg\" class=\"ez-tabs-image\" alt=\"\" srcset=\"https:\/\/extensu.com\/wp-content\/uploads\/2023\/03\/HandOnTree.jpg 1280w, https:\/\/extensu.com\/wp-content\/uploads\/2023\/03\/HandOnTree-600x338.jpg 600w, https:\/\/extensu.com\/wp-content\/uploads\/2023\/03\/HandOnTree-300x169.jpg 300w, https:\/\/extensu.com\/wp-content\/uploads\/2023\/03\/HandOnTree-1024x576.jpg 1024w, https:\/\/extensu.com\/wp-content\/uploads\/2023\/03\/HandOnTree-768x432.jpg 768w, https:\/\/extensu.com\/wp-content\/uploads\/2023\/03\/HandOnTree-200x113.jpg 200w\" sizes=\"auto, (max-width: 1280px) 100vw, 1280px\" \/>                                    \n            <\/div>\n        <\/div>\n    <\/section>\n\n<section class=\"collection-section\">\n\n    <div class=\"fluid-container\">\n\n        <div class=\"row no-gutters\">\n\n                            <!-- Taxonomy query -->\n                <div class=\"collection-overview col-lg-4 col-sm-5\">\n                    <div class=\"collection-content\">\n                        <div class=\"collection-title\">\n                            <h6>Kollektion<\/h6>\n                        <\/div>\n\n                        <div class=\"collection-list\">\n                            <a class='collection-overview__cat cat-active' data-slug='acropol' data-id='33' href-'#'>Acropol<\/a><\/>\n                                                            <a class=\"collection-overview__cat\" data-slug=\"okavan\" data-id=\"76\" href=\"#\">\n                                    Okavan                                <\/a>\n                                                            <a class=\"collection-overview__cat\" data-slug=\"serengi\" data-id=\"77\" href=\"#\">\n                                    Serengi                                <\/a>\n                                                    <\/div>\n                    <\/div>\n                <\/div>\n                <!-- end of tax query -->\n            \n            <div class=\"collection-color col-lg-2 col-sm-3 collection-products collection-list-\">\n                <div class=\"collection-content\">\n                    <div class=\"collection-title\">\n                        <h6>Farbe<\/h6>\n                    <\/div>\n                                            <div id=\"collection-product\" class=\"collection-producten collection-list\">\n                            <a class='collection-producten__product product-active' href='#' data-id='3228'>22811<\/a><a class='collection-producten__product' href='#' data-id='3230'>22812<\/a><a class='collection-producten__product' href='#' data-id='3232'>22813<\/a><a class='collection-producten__product' href='#' data-id='3233'>22814<\/a>                        <\/div>\n                                    <\/div>\n            <\/div>\n                        <div class=\"collection-product col-lg-6 col-sm-4 collection-products collection-list\">\n                                        <div data-sku=\"22811\" class=\"collection-product__wrap\">\n                            <a href='https:\/\/extensu.com\/de\/kollektion\/acropol\/22811\/' class='colleciton-product-link'>\n                                <div class=\"collection-product__wrap--img\">\n                                    <img loading=\"lazy\" decoding=\"async\" width=\"720\" height=\"720\" src=\"https:\/\/extensu.com\/wp-content\/uploads\/2023\/04\/Extensu-Acropol-22811-Single-plank.jpg\" class=\"attachment-large size-large\" alt=\"\" srcset=\"https:\/\/extensu.com\/wp-content\/uploads\/2023\/04\/Extensu-Acropol-22811-Single-plank.jpg 720w, https:\/\/extensu.com\/wp-content\/uploads\/2023\/04\/Extensu-Acropol-22811-Single-plank-300x300.jpg 300w, https:\/\/extensu.com\/wp-content\/uploads\/2023\/04\/Extensu-Acropol-22811-Single-plank-150x150.jpg 150w, https:\/\/extensu.com\/wp-content\/uploads\/2023\/04\/Extensu-Acropol-22811-Single-plank-200x200.jpg 200w, https:\/\/extensu.com\/wp-content\/uploads\/2023\/04\/Extensu-Acropol-22811-Single-plank-600x600.jpg 600w, https:\/\/extensu.com\/wp-content\/uploads\/2023\/04\/Extensu-Acropol-22811-Single-plank-100x100.jpg 100w\" sizes=\"auto, (max-width: 720px) 100vw, 720px\" \/>                                <\/div>\n                                <div class=\"collection-product__wrap--content\">\n                                    <span>Acropol<\/span>\n                                    <span>22811<\/span>\n                                <\/div>\n                            <\/a>\n                        <\/div>\n                            <\/div>\n\n            \n        <\/div>\n    <\/div>\n\n<\/section>\n\n  <section id=\"\" class=\"hd-content block-hd-content pt-mobile-x pb-mobile-x st-mobile-m sb-mobile-m pt-tablet-x pb-tablet-x st-tablet-m sb-tablet-m pt-desktop-x pb-desktop-x st-desktop-m sb-desktop-m bg-none \">\n    <div class=\"container\">\n      <div class=\"row equal-no justify-content-start align-content-unset\">\n                  \n                                        <div class=\"col-12 col-md-9 col-sm-12 col-lg-9 offset-0 \">\n                <div class=\"hd-content__wrap\">\n                                      \n                                              <div class=\"hd-content__paragraph hd-content__element text-grey block-st-s block-sb-s block-align-left section fadeup\">\n    <h3>Wir sind \u00fcberzeugt, dass die Entscheidung f\u00fcr Nachhaltigkeit niemals ein begrenzender Faktor f\u00fcr Ihr Design sein sollte.<\/h3>\n<\/div>                      \n                      \n                      \n                      \n                      \n                      \n                      \n                                  <\/div>\n              <\/div>\n            \n                        <\/div>\n    <\/div>\n\n  <\/section>\n\n  \n\n\n    <section id=\"\" class=\"block-showcase pt-mobile-x pb-mobile-x st-mobile-m sb-mobile-m pt-tablet-x pb-tablet-x st-tablet-m sb-tablet-m pt-desktop-x pb-desktop-x st-desktop-m sb-desktop-m bg-none \">\n\n        <div class=\"vertical-slider-wrapper\">\n            <div class=\"container container-slider\">\n                <div class=\"row\">\n                                                <div class=\"panel active\" style=\"background-image: url('https:\/\/extensu.com\/wp-content\/uploads\/2023\/03\/OkavangoDelta.jpg')\">\n                                <div class=\"text-wrapper\">\n                                    <span class=\"panel-span\">Unsere Inspiration:<\/span>\n                                    <a href=\"https:\/\/extensu.com\/our-inspiration\/#okavan-section\" class=\"cat-name\">Okavango-Delta<\/a>\n                                <\/div>\n                            <\/div>\n\n                                                <div class=\"panel \" style=\"background-image: url('https:\/\/extensu.com\/wp-content\/uploads\/2023\/03\/SerengetiNationalPark.jpg')\">\n                                <div class=\"text-wrapper\">\n                                    <span class=\"panel-span\">Unsere Inspiration:<\/span>\n                                    <a href=\"https:\/\/extensu.com\/our-inspiration\/#serengeti-section\" class=\"cat-name\">Serengeti-Nationalpark<\/a>\n                                <\/div>\n                            <\/div>\n\n                                                <div class=\"panel \" style=\"background-image: url('https:\/\/extensu.com\/wp-content\/uploads\/2023\/03\/TheAcropolis.jpg')\">\n                                <div class=\"text-wrapper\">\n                                    <span class=\"panel-span\">Unsere Inspiration:<\/span>\n                                    <a href=\"https:\/\/extensu.com\/our-inspiration\/#acropol-section\" class=\"cat-name\">Die Akropolis<\/a>\n                                <\/div>\n                            <\/div>\n\n                    \n                <\/div>\n            <\/div>\n        <\/div>\n\n\n    <\/section>\n\n\n\n  <section id=\"\" class=\"hd-content-fluid block-hd-content pt-mobile-x pb-mobile-x st-mobile-m sb-mobile-x pt-tablet-x pb-tablet-x st-tablet-m sb-tablet-x pt-desktop-x pb-desktop-x st-desktop-m sb-desktop-x  bg-brownish\">\n    <div class=\"content-image-wrapper\">\n      <div class=\"container-fluid\">\n        \n          <div class=\"row justify-content-start align-content-center\">\n\n            <div class=\"col-lg-4\">\n              <img loading=\"lazy\" decoding=\"async\" width=\"530\" height=\"623\" src=\"https:\/\/extensu.com\/wp-content\/uploads\/2023\/04\/Serengi21803Portrait.jpg\" class=\"attachment- full size- full\" alt=\"\" srcset=\"https:\/\/extensu.com\/wp-content\/uploads\/2023\/04\/Serengi21803Portrait.jpg 530w, https:\/\/extensu.com\/wp-content\/uploads\/2023\/04\/Serengi21803Portrait-255x300.jpg 255w, https:\/\/extensu.com\/wp-content\/uploads\/2023\/04\/Serengi21803Portrait-200x235.jpg 200w\" sizes=\"auto, (max-width: 530px) 100vw, 530px\" \/>            <\/div>\n\n          <\/div>\n        \n      <\/div>\n    <\/div>\n\n    <div class=\"content-text-wrapper\">\n      <div class=\"container\">\n        <div class=\"row justify-content-start align-content-center\">\n\n          <div class=\"offset-lg-5 col-lg-7 offset-md-5 col-md-7\">\n            <div class=\"content-text-element\"><h3>Was ist<br \/>\nPolypropylen.<\/h3>\n<p>Polypropylen ist ein thermoplastisches Polymer, das in einer Vielzahl von Anwendungen eingesetzt wird. Es ist bekannt f\u00fcr seine hohe Festigkeit, Haltbarkeit und Best\u00e4ndigkeit gegen Chemikalien und Hitze. <\/p>\n<p>Polypropylen wird in Produkten als Verpackungsmaterial wie Flaschen, Beh\u00e4ltern und Beuteln sowie in Textilien, Automobilteilen und medizinischen Ger\u00e4ten verwendet. Es wird auch bei der Herstellung von Haushaltsgegenst\u00e4nden wie Spielzeug, M\u00f6beln, Ger\u00e4ten und nat\u00fcrlich Bodenbel\u00e4gen verwendet. <\/p>\n<p>Polypropylen ist leicht zu recyceln, und das Material kann auch zur Herstellung eines neuen Fu\u00dfbodens wiederverwendet werden.<\/p>\n<\/div>\n          <\/div>\n\n          \n            <div class=\"offset-lg-5 col-lg-7 offset-md-5 col-md-7\">\n              <div class=\"content-text-cta\">\n\n              \n                              <div class=\"content-text-button\">\n                  <a href=\"https:\/\/extensu.com\/de\/was-ist-polypropylen\/\" target=\"_self\" class=\"btn btn__gray-outlined btn__auto\">Erfahr mehr<\/a>\n                <\/div>\n              \n              <\/div>\n\n\n            <\/div>\n\n        <\/div>\n      <\/div>\n    <\/div>\n  <\/section>\n\n","protected":false},"excerpt":{"rendered":"","protected":false},"author":1,"featured_media":2937,"parent":0,"menu_order":0,"comment_status":"closed","ping_status":"closed","template":"","meta":{"_acf_changed":false,"footnotes":""},"class_list":["post-3201","page","type-page","status-publish","has-post-thumbnail","hentry"],"acf":[],"yoast_head":"<!-- This site is optimized with the Yoast SEO plugin v27.3 - https:\/\/yoast.com\/product\/yoast-seo-wordpress\/ -->\n<title>Extensu PP Designb\u00f6den - Extensu<\/title>\n<meta name=\"robots\" content=\"index, follow, max-snippet:-1, max-image-preview:large, max-video-preview:-1\" \/>\n<link rel=\"canonical\" href=\"https:\/\/extensu.com\/de\/\" \/>\n<meta property=\"og:locale\" content=\"de_DE\" \/>\n<meta property=\"og:type\" content=\"article\" \/>\n<meta property=\"og:title\" content=\"Extensu PP Designb\u00f6den - Extensu\" \/>\n<meta property=\"og:url\" content=\"https:\/\/extensu.com\/de\/\" \/>\n<meta property=\"og:site_name\" content=\"Extensu\" \/>\n<meta property=\"article:modified_time\" content=\"2024-04-15T12:22:11+00:00\" \/>\n<meta property=\"og:image\" content=\"https:\/\/extensu.com\/wp-content\/uploads\/2023\/04\/FrontAcropol22812.jpg\" \/>\n\t<meta property=\"og:image:width\" content=\"1440\" \/>\n\t<meta property=\"og:image:height\" content=\"720\" \/>\n\t<meta property=\"og:image:type\" content=\"image\/jpeg\" \/>\n<meta name=\"twitter:card\" content=\"summary_large_image\" \/>\n<script type=\"application\/ld+json\" class=\"yoast-schema-graph\">{\"@context\":\"https:\\\/\\\/schema.org\",\"@graph\":[{\"@type\":\"WebPage\",\"@id\":\"https:\\\/\\\/extensu.com\\\/de\\\/\",\"url\":\"https:\\\/\\\/extensu.com\\\/de\\\/\",\"name\":\"Extensu PP Designb\u00f6den - Extensu\",\"isPartOf\":{\"@id\":\"https:\\\/\\\/extensu.com\\\/de\\\/#website\"},\"primaryImageOfPage\":{\"@id\":\"https:\\\/\\\/extensu.com\\\/de\\\/#primaryimage\"},\"image\":{\"@id\":\"https:\\\/\\\/extensu.com\\\/de\\\/#primaryimage\"},\"thumbnailUrl\":\"https:\\\/\\\/extensu.com\\\/wp-content\\\/uploads\\\/2023\\\/04\\\/FrontAcropol22812.jpg\",\"datePublished\":\"2022-06-14T16:12:37+00:00\",\"dateModified\":\"2024-04-15T12:22:11+00:00\",\"breadcrumb\":{\"@id\":\"https:\\\/\\\/extensu.com\\\/de\\\/#breadcrumb\"},\"inLanguage\":\"de\",\"potentialAction\":[{\"@type\":\"ReadAction\",\"target\":[\"https:\\\/\\\/extensu.com\\\/de\\\/\"]}]},{\"@type\":\"ImageObject\",\"inLanguage\":\"de\",\"@id\":\"https:\\\/\\\/extensu.com\\\/de\\\/#primaryimage\",\"url\":\"https:\\\/\\\/extensu.com\\\/wp-content\\\/uploads\\\/2023\\\/04\\\/FrontAcropol22812.jpg\",\"contentUrl\":\"https:\\\/\\\/extensu.com\\\/wp-content\\\/uploads\\\/2023\\\/04\\\/FrontAcropol22812.jpg\",\"width\":1440,\"height\":720},{\"@type\":\"BreadcrumbList\",\"@id\":\"https:\\\/\\\/extensu.com\\\/de\\\/#breadcrumb\",\"itemListElement\":[{\"@type\":\"ListItem\",\"position\":1,\"name\":\"Extensu\",\"item\":\"https:\\\/\\\/extensu.com\\\/de\\\/\"},{\"@type\":\"ListItem\",\"position\":2,\"name\":\"Extensu PP Designb\u00f6den\"}]},{\"@type\":\"WebSite\",\"@id\":\"https:\\\/\\\/extensu.com\\\/de\\\/#website\",\"url\":\"https:\\\/\\\/extensu.com\\\/de\\\/\",\"name\":\"Extensu\",\"description\":\"Verander de titel\",\"potentialAction\":[{\"@type\":\"SearchAction\",\"target\":{\"@type\":\"EntryPoint\",\"urlTemplate\":\"https:\\\/\\\/extensu.com\\\/de\\\/?s={search_term_string}\"},\"query-input\":{\"@type\":\"PropertyValueSpecification\",\"valueRequired\":true,\"valueName\":\"search_term_string\"}}],\"inLanguage\":\"de\"}]}<\/script>\n<!-- \/ Yoast SEO plugin. -->","yoast_head_json":{"title":"Extensu PP Designb\u00f6den - Extensu","robots":{"index":"index","follow":"follow","max-snippet":"max-snippet:-1","max-image-preview":"max-image-preview:large","max-video-preview":"max-video-preview:-1"},"canonical":"https:\/\/extensu.com\/de\/","og_locale":"de_DE","og_type":"article","og_title":"Extensu PP Designb\u00f6den - Extensu","og_url":"https:\/\/extensu.com\/de\/","og_site_name":"Extensu","article_modified_time":"2024-04-15T12:22:11+00:00","og_image":[{"width":1440,"height":720,"url":"https:\/\/extensu.com\/wp-content\/uploads\/2023\/04\/FrontAcropol22812.jpg","type":"image\/jpeg"}],"twitter_card":"summary_large_image","schema":{"@context":"https:\/\/schema.org","@graph":[{"@type":"WebPage","@id":"https:\/\/extensu.com\/de\/","url":"https:\/\/extensu.com\/de\/","name":"Extensu PP Designb\u00f6den - Extensu","isPartOf":{"@id":"https:\/\/extensu.com\/de\/#website"},"primaryImageOfPage":{"@id":"https:\/\/extensu.com\/de\/#primaryimage"},"image":{"@id":"https:\/\/extensu.com\/de\/#primaryimage"},"thumbnailUrl":"https:\/\/extensu.com\/wp-content\/uploads\/2023\/04\/FrontAcropol22812.jpg","datePublished":"2022-06-14T16:12:37+00:00","dateModified":"2024-04-15T12:22:11+00:00","breadcrumb":{"@id":"https:\/\/extensu.com\/de\/#breadcrumb"},"inLanguage":"de","potentialAction":[{"@type":"ReadAction","target":["https:\/\/extensu.com\/de\/"]}]},{"@type":"ImageObject","inLanguage":"de","@id":"https:\/\/extensu.com\/de\/#primaryimage","url":"https:\/\/extensu.com\/wp-content\/uploads\/2023\/04\/FrontAcropol22812.jpg","contentUrl":"https:\/\/extensu.com\/wp-content\/uploads\/2023\/04\/FrontAcropol22812.jpg","width":1440,"height":720},{"@type":"BreadcrumbList","@id":"https:\/\/extensu.com\/de\/#breadcrumb","itemListElement":[{"@type":"ListItem","position":1,"name":"Extensu","item":"https:\/\/extensu.com\/de\/"},{"@type":"ListItem","position":2,"name":"Extensu PP Designb\u00f6den"}]},{"@type":"WebSite","@id":"https:\/\/extensu.com\/de\/#website","url":"https:\/\/extensu.com\/de\/","name":"Extensu","description":"Verander de titel","potentialAction":[{"@type":"SearchAction","target":{"@type":"EntryPoint","urlTemplate":"https:\/\/extensu.com\/de\/?s={search_term_string}"},"query-input":{"@type":"PropertyValueSpecification","valueRequired":true,"valueName":"search_term_string"}}],"inLanguage":"de"}]}},"_links":{"self":[{"href":"https:\/\/extensu.com\/de\/wp-json\/wp\/v2\/pages\/3201","targetHints":{"allow":["GET"]}}],"collection":[{"href":"https:\/\/extensu.com\/de\/wp-json\/wp\/v2\/pages"}],"about":[{"href":"https:\/\/extensu.com\/de\/wp-json\/wp\/v2\/types\/page"}],"author":[{"embeddable":true,"href":"https:\/\/extensu.com\/de\/wp-json\/wp\/v2\/users\/1"}],"replies":[{"embeddable":true,"href":"https:\/\/extensu.com\/de\/wp-json\/wp\/v2\/comments?post=3201"}],"version-history":[{"count":2,"href":"https:\/\/extensu.com\/de\/wp-json\/wp\/v2\/pages\/3201\/revisions"}],"predecessor-version":[{"id":4805,"href":"https:\/\/extensu.com\/de\/wp-json\/wp\/v2\/pages\/3201\/revisions\/4805"}],"wp:featuredmedia":[{"embeddable":true,"href":"https:\/\/extensu.com\/de\/wp-json\/wp\/v2\/media\/2937"}],"wp:attachment":[{"href":"https:\/\/extensu.com\/de\/wp-json\/wp\/v2\/media?parent=3201"}],"curies":[{"name":"wp","href":"https:\/\/api.w.org\/{rel}","templated":true}]}}