{"id":3448,"date":"2023-01-09T11:01:07","date_gmt":"2023-01-09T10:01:07","guid":{"rendered":"https:\/\/extensu.com\/rendering-texturen\/"},"modified":"2023-09-13T09:43:14","modified_gmt":"2023-09-13T07:43:14","slug":"rendering-texturen","status":"publish","type":"page","link":"https:\/\/extensu.com\/de\/rendering-texturen\/","title":{"rendered":"Rendering Texturen"},"content":{"rendered":"\n\n  <section id=\"\" class=\"hd-content block-hd-content pt-mobile-x pb-mobile-m st-mobile-x sb-mobile-m pt-tablet-x pb-tablet-x st-tablet-x sb-tablet-m pt-desktop-x pb-desktop-x st-desktop-x sb-desktop-m bg-none \">\n    <div class=\"container\">\n      <div class=\"row equal-no justify-content-start align-content-unset\">\n                  \n                                        <div class=\"col-12 col-md-6 col-sm-12 col-lg-6 offset-0 \">\n                <div class=\"hd-content__wrap\">\n                                      \n                                              <div class=\"hd-content__paragraph hd-content__element text-grey block-st-s block-sb-s block-align-left section fadeup\">\n    <h2>Rendering Texturen<\/h2>\n<p>M\u00f6chten Sie den sch\u00f6nen Extensu-Bodenbelag in Ihren Entw\u00fcrfen verwenden? Die Texturen der gesamten Extensu-Kollektion sind als hochaufl\u00f6sende JPG-Bilder oder als SketchUp-Modelle erh\u00e4ltlich. <\/p>\n<p>SketchUp ist eine erstklassige 3D-Designsoftware, die 3D-Modellierung f\u00fcr jedermann erm\u00f6glicht, mit einem einfach zu erlernenden und dennoch robusten Toolset, das Ihnen die M\u00f6glichkeit gibt, alles zu erstellen, was Sie sich vorstellen k\u00f6nnen. Laden Sie unsere Modelle aus dem SketchUp 3D-Warehouse herunter und wenden Sie die verschiedenen Extensu-B\u00f6den einfach auf Ihre Innenraum- und Grundrissentw\u00fcrfe an. <\/p>\n<\/div>                      \n                      \n                      \n                      \n                      \n                      \n                      \n                  \n                      \n                      \n                                              <div class=\"hd-content__btn hd-content__btn__auto block-st-s block-sb-s block-align-left\">\n    <a href=\"https:\/\/we.tl\/t-YiGAj5M98q\" target=\"_self\" class=\"btn btn__orange btn__auto  btn__left\">All textures (JPG)<\/a>\n<\/div>                      \n                      \n                      \n                      \n                      \n                  \n                      \n                      \n                                              <div class=\"hd-content__btn hd-content__btn__auto block-st-s block-sb-s block-align-left\">\n    <a href=\"https:\/\/3dwarehouse.sketchup.com\/by\/mflor\" target=\"_self\" class=\"btn btn__orange btn__auto  btn__left\">Sketchup 3D warehouse<\/a>\n<\/div>                      \n                      \n                      \n                      \n                      \n                                  <\/div>\n              <\/div>\n            \n          \n                                        <div class=\"col-12 col-md-6 col-sm-12 col-lg-6 offset-0 \">\n                <div class=\"hd-content__wrap\">\n                                      \n                      \n                                              <div class=\"hd-content__image hd-content__element  block-st-s block-sb-s block-align-left\">\n            <img loading=\"lazy\" decoding=\"async\" width=\"1280\" height=\"960\" src=\"https:\/\/extensu.com\/wp-content\/uploads\/2023\/03\/LaptopSketchup.jpg\" class=\"hd-content__image--img\" alt=\"\" srcset=\"https:\/\/extensu.com\/wp-content\/uploads\/2023\/03\/LaptopSketchup.jpg 1280w, https:\/\/extensu.com\/wp-content\/uploads\/2023\/03\/LaptopSketchup-600x450.jpg 600w, https:\/\/extensu.com\/wp-content\/uploads\/2023\/03\/LaptopSketchup-300x225.jpg 300w, https:\/\/extensu.com\/wp-content\/uploads\/2023\/03\/LaptopSketchup-1024x768.jpg 1024w, https:\/\/extensu.com\/wp-content\/uploads\/2023\/03\/LaptopSketchup-768x576.jpg 768w, https:\/\/extensu.com\/wp-content\/uploads\/2023\/03\/LaptopSketchup-200x150.jpg 200w\" sizes=\"auto, (max-width: 1280px) 100vw, 1280px\" \/>        <\/div>                      \n                      \n                      \n                      \n                      \n                      \n                                  <\/div>\n              <\/div>\n            \n                        <\/div>\n    <\/div>\n\n  <\/section>\n\n  \n","protected":false},"excerpt":{"rendered":"","protected":false},"author":1,"featured_media":2883,"parent":0,"menu_order":0,"comment_status":"closed","ping_status":"closed","template":"","meta":{"_acf_changed":false,"footnotes":""},"class_list":["post-3448","page","type-page","status-publish","has-post-thumbnail","hentry"],"acf":[],"yoast_head":"<!-- This site is optimized with the Yoast SEO plugin v27.3 - https:\/\/yoast.com\/product\/yoast-seo-wordpress\/ -->\n<title>Rendering Texturen - Extensu<\/title>\n<meta name=\"robots\" content=\"index, follow, max-snippet:-1, max-image-preview:large, max-video-preview:-1\" \/>\n<link rel=\"canonical\" href=\"https:\/\/extensu.com\/de\/rendering-texturen\/\" \/>\n<meta property=\"og:locale\" content=\"de_DE\" \/>\n<meta property=\"og:type\" content=\"article\" \/>\n<meta property=\"og:title\" content=\"Rendering Texturen - Extensu\" \/>\n<meta property=\"og:url\" content=\"https:\/\/extensu.com\/de\/rendering-texturen\/\" \/>\n<meta property=\"og:site_name\" content=\"Extensu\" \/>\n<meta property=\"article:modified_time\" content=\"2023-09-13T07:43:14+00:00\" \/>\n<meta property=\"og:image\" content=\"https:\/\/extensu.com\/wp-content\/uploads\/2023\/03\/LaptopSketchup.jpg\" \/>\n\t<meta property=\"og:image:width\" content=\"1280\" \/>\n\t<meta property=\"og:image:height\" content=\"960\" \/>\n\t<meta property=\"og:image:type\" content=\"image\/jpeg\" \/>\n<meta name=\"twitter:card\" content=\"summary_large_image\" \/>\n<script type=\"application\/ld+json\" class=\"yoast-schema-graph\">{\"@context\":\"https:\\\/\\\/schema.org\",\"@graph\":[{\"@type\":\"WebPage\",\"@id\":\"https:\\\/\\\/extensu.com\\\/de\\\/rendering-texturen\\\/\",\"url\":\"https:\\\/\\\/extensu.com\\\/de\\\/rendering-texturen\\\/\",\"name\":\"Rendering Texturen - Extensu\",\"isPartOf\":{\"@id\":\"https:\\\/\\\/extensu.com\\\/de\\\/#website\"},\"primaryImageOfPage\":{\"@id\":\"https:\\\/\\\/extensu.com\\\/de\\\/rendering-texturen\\\/#primaryimage\"},\"image\":{\"@id\":\"https:\\\/\\\/extensu.com\\\/de\\\/rendering-texturen\\\/#primaryimage\"},\"thumbnailUrl\":\"https:\\\/\\\/extensu.com\\\/wp-content\\\/uploads\\\/2023\\\/03\\\/LaptopSketchup.jpg\",\"datePublished\":\"2023-01-09T10:01:07+00:00\",\"dateModified\":\"2023-09-13T07:43:14+00:00\",\"breadcrumb\":{\"@id\":\"https:\\\/\\\/extensu.com\\\/de\\\/rendering-texturen\\\/#breadcrumb\"},\"inLanguage\":\"de\",\"potentialAction\":[{\"@type\":\"ReadAction\",\"target\":[\"https:\\\/\\\/extensu.com\\\/de\\\/rendering-texturen\\\/\"]}]},{\"@type\":\"ImageObject\",\"inLanguage\":\"de\",\"@id\":\"https:\\\/\\\/extensu.com\\\/de\\\/rendering-texturen\\\/#primaryimage\",\"url\":\"https:\\\/\\\/extensu.com\\\/wp-content\\\/uploads\\\/2023\\\/03\\\/LaptopSketchup.jpg\",\"contentUrl\":\"https:\\\/\\\/extensu.com\\\/wp-content\\\/uploads\\\/2023\\\/03\\\/LaptopSketchup.jpg\",\"width\":1280,\"height\":960},{\"@type\":\"BreadcrumbList\",\"@id\":\"https:\\\/\\\/extensu.com\\\/de\\\/rendering-texturen\\\/#breadcrumb\",\"itemListElement\":[{\"@type\":\"ListItem\",\"position\":1,\"name\":\"Extensu\",\"item\":\"https:\\\/\\\/extensu.com\\\/de\\\/\"},{\"@type\":\"ListItem\",\"position\":2,\"name\":\"Rendering Texturen\"}]},{\"@type\":\"WebSite\",\"@id\":\"https:\\\/\\\/extensu.com\\\/de\\\/#website\",\"url\":\"https:\\\/\\\/extensu.com\\\/de\\\/\",\"name\":\"Extensu\",\"description\":\"Verander de titel\",\"potentialAction\":[{\"@type\":\"SearchAction\",\"target\":{\"@type\":\"EntryPoint\",\"urlTemplate\":\"https:\\\/\\\/extensu.com\\\/de\\\/?s={search_term_string}\"},\"query-input\":{\"@type\":\"PropertyValueSpecification\",\"valueRequired\":true,\"valueName\":\"search_term_string\"}}],\"inLanguage\":\"de\"}]}<\/script>\n<!-- \/ Yoast SEO plugin. -->","yoast_head_json":{"title":"Rendering Texturen - Extensu","robots":{"index":"index","follow":"follow","max-snippet":"max-snippet:-1","max-image-preview":"max-image-preview:large","max-video-preview":"max-video-preview:-1"},"canonical":"https:\/\/extensu.com\/de\/rendering-texturen\/","og_locale":"de_DE","og_type":"article","og_title":"Rendering Texturen - Extensu","og_url":"https:\/\/extensu.com\/de\/rendering-texturen\/","og_site_name":"Extensu","article_modified_time":"2023-09-13T07:43:14+00:00","og_image":[{"width":1280,"height":960,"url":"https:\/\/extensu.com\/wp-content\/uploads\/2023\/03\/LaptopSketchup.jpg","type":"image\/jpeg"}],"twitter_card":"summary_large_image","schema":{"@context":"https:\/\/schema.org","@graph":[{"@type":"WebPage","@id":"https:\/\/extensu.com\/de\/rendering-texturen\/","url":"https:\/\/extensu.com\/de\/rendering-texturen\/","name":"Rendering Texturen - Extensu","isPartOf":{"@id":"https:\/\/extensu.com\/de\/#website"},"primaryImageOfPage":{"@id":"https:\/\/extensu.com\/de\/rendering-texturen\/#primaryimage"},"image":{"@id":"https:\/\/extensu.com\/de\/rendering-texturen\/#primaryimage"},"thumbnailUrl":"https:\/\/extensu.com\/wp-content\/uploads\/2023\/03\/LaptopSketchup.jpg","datePublished":"2023-01-09T10:01:07+00:00","dateModified":"2023-09-13T07:43:14+00:00","breadcrumb":{"@id":"https:\/\/extensu.com\/de\/rendering-texturen\/#breadcrumb"},"inLanguage":"de","potentialAction":[{"@type":"ReadAction","target":["https:\/\/extensu.com\/de\/rendering-texturen\/"]}]},{"@type":"ImageObject","inLanguage":"de","@id":"https:\/\/extensu.com\/de\/rendering-texturen\/#primaryimage","url":"https:\/\/extensu.com\/wp-content\/uploads\/2023\/03\/LaptopSketchup.jpg","contentUrl":"https:\/\/extensu.com\/wp-content\/uploads\/2023\/03\/LaptopSketchup.jpg","width":1280,"height":960},{"@type":"BreadcrumbList","@id":"https:\/\/extensu.com\/de\/rendering-texturen\/#breadcrumb","itemListElement":[{"@type":"ListItem","position":1,"name":"Extensu","item":"https:\/\/extensu.com\/de\/"},{"@type":"ListItem","position":2,"name":"Rendering Texturen"}]},{"@type":"WebSite","@id":"https:\/\/extensu.com\/de\/#website","url":"https:\/\/extensu.com\/de\/","name":"Extensu","description":"Verander de titel","potentialAction":[{"@type":"SearchAction","target":{"@type":"EntryPoint","urlTemplate":"https:\/\/extensu.com\/de\/?s={search_term_string}"},"query-input":{"@type":"PropertyValueSpecification","valueRequired":true,"valueName":"search_term_string"}}],"inLanguage":"de"}]}},"_links":{"self":[{"href":"https:\/\/extensu.com\/de\/wp-json\/wp\/v2\/pages\/3448","targetHints":{"allow":["GET"]}}],"collection":[{"href":"https:\/\/extensu.com\/de\/wp-json\/wp\/v2\/pages"}],"about":[{"href":"https:\/\/extensu.com\/de\/wp-json\/wp\/v2\/types\/page"}],"author":[{"embeddable":true,"href":"https:\/\/extensu.com\/de\/wp-json\/wp\/v2\/users\/1"}],"replies":[{"embeddable":true,"href":"https:\/\/extensu.com\/de\/wp-json\/wp\/v2\/comments?post=3448"}],"version-history":[{"count":0,"href":"https:\/\/extensu.com\/de\/wp-json\/wp\/v2\/pages\/3448\/revisions"}],"wp:featuredmedia":[{"embeddable":true,"href":"https:\/\/extensu.com\/de\/wp-json\/wp\/v2\/media\/2883"}],"wp:attachment":[{"href":"https:\/\/extensu.com\/de\/wp-json\/wp\/v2\/media?parent=3448"}],"curies":[{"name":"wp","href":"https:\/\/api.w.org\/{rel}","templated":true}]}}