{"id":3961,"date":"2023-01-02T16:20:47","date_gmt":"2023-01-02T15:20:47","guid":{"rendered":"https:\/\/extensu.com\/our-promise\/"},"modified":"2023-11-23T09:05:25","modified_gmt":"2023-11-23T08:05:25","slug":"unser-versprechen","status":"publish","type":"page","link":"https:\/\/extensu.com\/de\/unser-versprechen\/","title":{"rendered":"Unser Versprechen"},"content":{"rendered":"\n\n  <section id=\"\" class=\"hd-content block-hd-content pt-mobile-x pb-mobile-x st-mobile-s sb-mobile-s pt-tablet-x pb-tablet-x st-tablet-m sb-tablet-m pt-desktop-x pb-desktop-x st-desktop-x sb-desktop-x bg-none \">\n    <div class=\"container\">\n      <div class=\"row equal-no justify-content-start align-content-center\">\n                  \n                                        <div class=\"col-12 offset-0 \">\n                <div class=\"hd-content__wrap\">\n                                      \n                                              <div class=\"hd-content__paragraph hd-content__element text-grey block-st-m block-sb-x block-align-left section fadeup\">\n    <h2>Unser Versprechen<\/h2>\n<\/div>                      \n                      \n                      \n                      \n                      \n                      \n                      \n                                  <\/div>\n              <\/div>\n            \n                        <\/div>\n    <\/div>\n\n  <\/section>\n\n  \n\n\n  <section id=\"\" class=\"hd-content block-hd-content pt-mobile-x pb-mobile-x st-mobile-x sb-mobile-s pt-tablet-x pb-tablet-x st-tablet-m sb-tablet-m pt-desktop-x pb-desktop-x st-desktop-x sb-desktop-s bg-none \">\n    <div class=\"container\">\n      <div class=\"row equal-no justify-content-start align-content-center\">\n                  \n                                        <div class=\"col-12 col-md-12 col-sm-12 col-lg-6 offset-0 \">\n                <div class=\"hd-content__wrap\">\n                                      \n                                              <div class=\"hd-content__paragraph hd-content__element text-grey block-st-x block-sb-x block-align-left section fadeup\">\n    <p>Bei der Gestaltung und Einrichtung eines Raums muss man Tausende von Entscheidungen treffen. Sie ziehen die Vision der Routine vor, die Sch\u00f6nheit den Anforderungen. Doch von der Idee bis zur Fertigstellung kann es ein langer Weg sein. In diesem anspruchsvollen Prozess k\u00f6nnen Sie sich voll und ganz auf Extensu verlassen: eine Marke des High-End-Herstellers von elastischen Bodenbel\u00e4gen mFLOR.   <\/p>\n<p>Mit Extensu treffen Sie eine Entscheidung f\u00fcr eine nachhaltigere Zukunft. Da Extensu vollst\u00e4ndig recycelbar und frei von PVC, Phthalaten und SVHC (besonders besorgniserregende Stoffe) ist, eignet er sich hervorragend f\u00fcr den Einsatz in anspruchsvollen Bereichen wie Bildung, Gesundheitswesen und B\u00fcros. Es tr\u00e4gt zu den Zertifizierungen mit dem BREEAM und LEED bei und erf\u00fcllt die internationalen FOV-Anforderungen f\u00fcr Wohlbefinden und ein gesundes Raumklima in hohem Ma\u00dfe.  <\/p>\n<p>Sie entscheiden sich aus vielen Gr\u00fcnden f\u00fcr Extensu. Und doch ist Extensu ein Boden, der Ihre Erwartungen \u00fcbertrifft, sobald er verlegt ist. Das ist das Versprechen, das wir geben.  <\/p>\n<\/div>                      \n                      \n                      \n                      \n                      \n                      \n                      \n                                  <\/div>\n              <\/div>\n            \n          \n                                        <div class=\"col-12 col-md-12 col-sm-12 col-lg-6 offset-0 \">\n                <div class=\"hd-content__wrap\">\n                                      \n                      \n                                              <div class=\"hd-content__image hd-content__element  block-st-s block-sb-x block-align-left\">\n            <img loading=\"lazy\" decoding=\"async\" width=\"720\" height=\"480\" src=\"https:\/\/extensu.com\/wp-content\/uploads\/2023\/03\/PromiseForest.jpg\" class=\"hd-content__image--img\" alt=\"\" srcset=\"https:\/\/extensu.com\/wp-content\/uploads\/2023\/03\/PromiseForest.jpg 720w, https:\/\/extensu.com\/wp-content\/uploads\/2023\/03\/PromiseForest-600x400.jpg 600w, https:\/\/extensu.com\/wp-content\/uploads\/2023\/03\/PromiseForest-300x200.jpg 300w, https:\/\/extensu.com\/wp-content\/uploads\/2023\/03\/PromiseForest-200x133.jpg 200w\" sizes=\"auto, (max-width: 720px) 100vw, 720px\" \/>        <\/div>                      \n                      \n                      \n                      \n                      \n                      \n                                  <\/div>\n              <\/div>\n            \n          \n                                        <div class=\"col-12 offset-0 \">\n                <div class=\"hd-content__wrap\">\n                                      \n                                              <div class=\"hd-content__paragraph hd-content__element text-grey block-st-x block-sb-x block-align-left section fadeup\">\n    <h3>Easy as ABC<\/h3>\n<\/div>                      \n                      \n                      \n                      \n                      \n                      \n                      \n                                  <\/div>\n              <\/div>\n            \n                        <\/div>\n    <\/div>\n\n  <\/section>\n\n      <div class=\"container\">\n      <div class=\"row\">\n        <div class=\"col-lg-12\">\n          <hr class=\"single-divider\">\n\n        <\/div>\n      <\/div>\n    <\/div>\n  \n\n\n  <section id=\"\" class=\"hd-content block-hd-content pt-mobile-x pb-mobile-x st-mobile-s sb-mobile-s pt-tablet-x pb-tablet-x st-tablet-m sb-tablet-m pt-desktop-x pb-desktop-x st-desktop-s sb-desktop-s bg-none \">\n    <div class=\"container\">\n      <div class=\"row equal-no justify-content-start align-content-unset\">\n                  \n                                        <div class=\"col-12 col-md-12 col-sm-12 col-lg-12 offset-0 \">\n                <div class=\"hd-content__wrap\">\n                                      \n                                              <div class=\"hd-content__paragraph hd-content__element text-grey block-st-s block-sb-s block-align-left section fadeup\">\n    <h2>Awareness<\/h2>\n<\/div>                      \n                      \n                      \n                      \n                      \n                      \n                      \n                                  <\/div>\n              <\/div>\n            \n          \n                                        <div class=\"col-12 col-md-12 col-sm-12 col-lg-6 offset-0 \">\n                <div class=\"hd-content__wrap\">\n                                      \n                      \n                                              <div class=\"hd-content__image hd-content__element  block-st-s block-sb-s block-align-left\">\n            <img loading=\"lazy\" decoding=\"async\" width=\"1280\" height=\"720\" src=\"https:\/\/extensu.com\/wp-content\/uploads\/2023\/03\/PlantingTree.jpg\" class=\"hd-content__image--img\" alt=\"\" srcset=\"https:\/\/extensu.com\/wp-content\/uploads\/2023\/03\/PlantingTree.jpg 1280w, https:\/\/extensu.com\/wp-content\/uploads\/2023\/03\/PlantingTree-600x338.jpg 600w, https:\/\/extensu.com\/wp-content\/uploads\/2023\/03\/PlantingTree-300x169.jpg 300w, https:\/\/extensu.com\/wp-content\/uploads\/2023\/03\/PlantingTree-1024x576.jpg 1024w, https:\/\/extensu.com\/wp-content\/uploads\/2023\/03\/PlantingTree-768x432.jpg 768w, https:\/\/extensu.com\/wp-content\/uploads\/2023\/03\/PlantingTree-200x113.jpg 200w\" sizes=\"auto, (max-width: 1280px) 100vw, 1280px\" \/>        <\/div>                      \n                      \n                      \n                      \n                      \n                      \n                                  <\/div>\n              <\/div>\n            \n          \n                                        <div class=\"col-12 col-md-12 col-sm-12 col-lg-6 offset-0 offset-md-0 offset-sm-0 \">\n                <div class=\"hd-content__wrap\">\n                                      \n                                              <div class=\"hd-content__paragraph hd-content__element text-grey block-st-s block-sb-s block-align-left section fadeup\">\n    <p>Wir alle wollen einen Beitrag zu einem besseren Planeten leisten. Mit der Entwicklung eines gr\u00fcnen Bodens tr\u00e4gt Extensu dazu bei, unseren \u00f6kologischen Fu\u00dfabdruck zu minimieren. Die Rohstoffe dieses Bodens sind frei von PVC, Phthalaten und SVHC (besonders besorgniserregenden Stoffen). Wir garantieren, dass der Boden alle FOV-Anforderungen mehr als erf\u00fcllt und somit zum Wohlbefinden und einem gesunden Raumklima beitr\u00e4gt.   <\/p>\n<p>Extensu wird in ISO 9001 und ISO 14001 zertifizierten Fabriken hergestellt, was bedeutet, dass die Produktion nur minimale Auswirkungen auf die Umwelt hat. Auch die Pflege von Extensu-B\u00f6den ist sehr einfach und kommt ganz ohne Chemikalien aus. Die Reinigung mit Wasser und einem PH-neutralen Reiniger ist ausreichend. Extensu minimiert also in mehr als einer Hinsicht die Auswirkungen auf die Umwelt.   <\/p>\n<\/div>                      \n                      \n                      \n                      \n                      \n                      \n                      \n                                  <\/div>\n              <\/div>\n            \n                        <\/div>\n    <\/div>\n\n  <\/section>\n\n      <div class=\"container\">\n      <div class=\"row\">\n        <div class=\"col-lg-12\">\n          <hr class=\"single-divider\">\n\n        <\/div>\n      <\/div>\n    <\/div>\n  \n\n\n  <section id=\"\" class=\"hd-content block-hd-content pt-mobile-x pb-mobile-x st-mobile-m sb-mobile-m pt-tablet-x pb-tablet-x st-tablet-m sb-tablet-m pt-desktop-x pb-desktop-x st-desktop-s sb-desktop-s bg-none \">\n    <div class=\"container\">\n      <div class=\"row equal-no justify-content-start align-content-unset\">\n                  \n                                        <div class=\"col-12 col-md-12 col-sm-12 col-lg-12 offset-0 \">\n                <div class=\"hd-content__wrap\">\n                                      \n                                              <div class=\"hd-content__paragraph hd-content__element text-grey block-st-s block-sb-s block-align-left section fadeup\">\n    <h2>Beauty<\/h2>\n<\/div>                      \n                      \n                      \n                      \n                      \n                      \n                      \n                                  <\/div>\n              <\/div>\n            \n          \n                                        <div class=\"col-12 col-md-12 col-sm-12 col-lg-6 offset-0 offset-md-0 \">\n                <div class=\"hd-content__wrap\">\n                                      \n                      \n                                              <div class=\"hd-content__image hd-content__element  block-st-s block-sb-s block-align-left\">\n            <img loading=\"lazy\" decoding=\"async\" width=\"1280\" height=\"720\" src=\"https:\/\/extensu.com\/wp-content\/uploads\/2023\/03\/SerengetiZebras.jpg\" class=\"hd-content__image--img\" alt=\"\" srcset=\"https:\/\/extensu.com\/wp-content\/uploads\/2023\/03\/SerengetiZebras.jpg 1280w, https:\/\/extensu.com\/wp-content\/uploads\/2023\/03\/SerengetiZebras-600x338.jpg 600w, https:\/\/extensu.com\/wp-content\/uploads\/2023\/03\/SerengetiZebras-300x169.jpg 300w, https:\/\/extensu.com\/wp-content\/uploads\/2023\/03\/SerengetiZebras-1024x576.jpg 1024w, https:\/\/extensu.com\/wp-content\/uploads\/2023\/03\/SerengetiZebras-768x432.jpg 768w, https:\/\/extensu.com\/wp-content\/uploads\/2023\/03\/SerengetiZebras-200x113.jpg 200w\" sizes=\"auto, (max-width: 1280px) 100vw, 1280px\" \/>        <\/div>                      \n                      \n                      \n                      \n                      \n                      \n                                  <\/div>\n              <\/div>\n            \n          \n                                        <div class=\"col-12 col-md-12 col-sm-12 col-lg-6 offset-0 offset-md-0 offset-sm-0 \">\n                <div class=\"hd-content__wrap\">\n                                      \n                                              <div class=\"hd-content__paragraph hd-content__element text-grey block-st-s block-sb-s block-align-left section fadeup\">\n    <p>Die Entscheidung f\u00fcr Nachhaltigkeit sollte niemals ein begrenzender Faktor f\u00fcr Ihr Design sein. Mit Extensu entscheiden Sie sich f\u00fcr beides. Sie entscheiden sich f\u00fcr ein sicheres Produkt mit minimalen Auswirkungen auf die Umwelt und gleichzeitig f\u00fcr das beeindruckende Aussehen unserer Bodenbelagskollektionen.  <\/p>\n<p>Die UNESCO-Welterbest\u00e4tten dienten als Inspirationsquelle bei der Entwicklung der Extensu-Kollektionen. Die reichhaltigen Farben, Muster und Strukturen, die in diesen wunderbaren, unersetzlichen St\u00e4tten zu finden sind, wurden in einzigartige und sch\u00f6ne Fu\u00dfbodendesigns umgesetzt. Die Anlehnung der Extensu-Designs an diese St\u00e4tten des Weltkulturerbes verleiht jedem Raum sowohl Sch\u00f6nheit als auch Umweltbewusstsein.  <\/p>\n<h3>Natur &amp; Kultur<\/h3>\n<p>Unsere NATUR-Kollektionen mit naturgetreuen Holzdesigns sind von nat\u00fcrlichen Welterbest\u00e4tten inspiriert. Das unber\u00fchrte, nat\u00fcrliche Aussehen der sch\u00f6nsten Farben der Natur wird in diesen St\u00e4tten eingefangen und gesch\u00fctzt. Die sch\u00f6nen Texturen und Farben, die die Natur in all ihren Formen zu bieten hat, wie die Struktur und Farbe von Fl\u00fcssen, Sandd\u00fcnen, vulkanischen B\u00f6den, Form und Farbverl\u00e4ufe verschiedener Pflanzen und B\u00e4ume.  <\/p>\n<p>Die Extensu KULTUR-Kollektion bietet ein wundersch\u00f6nes Steindesign, das sich an historischen, kulturellen Welterbest\u00e4tten orientiert. Die feinen, soliden und antiken Materialien, die zur Schaffung dieser beeindruckenden Strukturen verwendet wurden, die ewig halten und viel Geschichte enthalten, bieten eine breite Inspirationsquelle f\u00fcr unsere Steinfliesenserien. <\/p>\n<\/div>                      \n                      \n                      \n                      \n                      \n                      \n                      \n                                  <\/div>\n              <\/div>\n            \n                        <\/div>\n    <\/div>\n\n  <\/section>\n\n      <div class=\"container\">\n      <div class=\"row\">\n        <div class=\"col-lg-12\">\n          <hr class=\"single-divider\">\n\n        <\/div>\n      <\/div>\n    <\/div>\n  \n\n\n  <section id=\"\" class=\"hd-content block-hd-content pt-mobile-x pb-mobile-x st-mobile-m sb-mobile-m pt-tablet-x pb-tablet-x st-tablet-m sb-tablet-m pt-desktop-x pb-desktop-x st-desktop-s sb-desktop-m bg-none \">\n    <div class=\"container\">\n      <div class=\"row equal-no justify-content-start align-content-unset\">\n                  \n                                        <div class=\"col-12 col-md-12 col-sm-12 col-lg-12 offset-0 \">\n                <div class=\"hd-content__wrap\">\n                                      \n                                              <div class=\"hd-content__paragraph hd-content__element text-grey block-st-s block-sb-s block-align-left section fadeup\">\n    <h2>Circular<\/h2>\n<\/div>                      \n                      \n                      \n                      \n                      \n                      \n                      \n                                  <\/div>\n              <\/div>\n            \n          \n                                        <div class=\"col-12 col-md-12 col-sm-12 col-lg-6 offset-0 \">\n                <div class=\"hd-content__wrap\">\n                                      \n                      \n                                              <div class=\"hd-content__image hd-content__element  block-st-s block-sb-s block-align-left\">\n            <img loading=\"lazy\" decoding=\"async\" width=\"1280\" height=\"720\" src=\"https:\/\/extensu.com\/wp-content\/uploads\/2023\/03\/HandOnTree.jpg\" class=\"hd-content__image--img\" alt=\"\" srcset=\"https:\/\/extensu.com\/wp-content\/uploads\/2023\/03\/HandOnTree.jpg 1280w, https:\/\/extensu.com\/wp-content\/uploads\/2023\/03\/HandOnTree-600x338.jpg 600w, https:\/\/extensu.com\/wp-content\/uploads\/2023\/03\/HandOnTree-300x169.jpg 300w, https:\/\/extensu.com\/wp-content\/uploads\/2023\/03\/HandOnTree-1024x576.jpg 1024w, https:\/\/extensu.com\/wp-content\/uploads\/2023\/03\/HandOnTree-768x432.jpg 768w, https:\/\/extensu.com\/wp-content\/uploads\/2023\/03\/HandOnTree-200x113.jpg 200w\" sizes=\"auto, (max-width: 1280px) 100vw, 1280px\" \/>        <\/div>                      \n                      \n                      \n                      \n                      \n                      \n                                  <\/div>\n              <\/div>\n            \n          \n                                        <div class=\"col-12 col-md-12 col-sm-12 col-lg-6 offset-0 offset-md-0 offset-sm-0 \">\n                <div class=\"hd-content__wrap\">\n                                      \n                                              <div class=\"hd-content__paragraph hd-content__element text-grey block-st-s block-sb-s block-align-left section fadeup\">\n    <p>Extensu wurde aufgrund seiner nachhaltigen Eigenschaften entwickelt. Der Boden ist leicht zu reinigen, aber auch sehr widerstandsf\u00e4hig gegen Abnutzung und Verschlei\u00df. Die 0,3 mm dicke Nutzschicht ist f\u00fcr stark frequentierte Bereiche mehr als geeignet und erreicht die gleiche Leistung wie die Nutzungskategorie 33\/42. Weil sie so stark ist, hat sie einen optimalen Produktlebenszyklus. Daher bieten wir eine 10-j\u00e4hrige Garantie.    <\/p>\n<p>Wenn Sie den Boden irgendwann einmal austauschen m\u00f6chten, ist Extensu leicht zu recyceln, da das Recyclingverfahren f\u00fcr Polypropylen bereits weltweit eingef\u00fchrt ist. Wenn Sie fertig sind, ist ein Extensu-Boden nicht mehr zu gebrauchen. Er ist bereit f\u00fcr ein zweites Leben.  <\/p>\n<p>Wir wissen, dass auf jede Aussage ein Beweis folgen sollte. Deshalb investieren wir kontinuierlich in unabh\u00e4ngige Zertifizierungen durch bekannte Standards. Extensu wurde von den folgenden Standards zertifiziert: Indoor Air Comfort Gold und M1.  <\/p>\n<h4>Extensu tr\u00e4gt zu einer besseren Welt bei.<\/h4>\n<\/div>                      \n                      \n                      \n                      \n                      \n                      \n                      \n                                  <\/div>\n              <\/div>\n            \n                        <\/div>\n    <\/div>\n\n  <\/section>\n\n  \n","protected":false},"excerpt":{"rendered":"","protected":false},"author":1,"featured_media":2813,"parent":0,"menu_order":0,"comment_status":"closed","ping_status":"closed","template":"","meta":{"_acf_changed":false,"footnotes":""},"class_list":["post-3961","page","type-page","status-publish","has-post-thumbnail","hentry"],"acf":[],"yoast_head":"<!-- This site is optimized with the Yoast SEO plugin v27.4 - https:\/\/yoast.com\/product\/yoast-seo-wordpress\/ -->\n<title>Unser Versprechen - Extensu<\/title>\n<meta name=\"robots\" content=\"index, follow, max-snippet:-1, max-image-preview:large, max-video-preview:-1\" \/>\n<link rel=\"canonical\" href=\"https:\/\/extensu.com\/de\/unser-versprechen\/\" \/>\n<meta property=\"og:locale\" content=\"de_DE\" \/>\n<meta property=\"og:type\" content=\"article\" \/>\n<meta property=\"og:title\" content=\"Unser Versprechen - Extensu\" \/>\n<meta property=\"og:url\" content=\"https:\/\/extensu.com\/de\/unser-versprechen\/\" \/>\n<meta property=\"og:site_name\" content=\"Extensu\" \/>\n<meta property=\"article:modified_time\" content=\"2023-11-23T08:05:25+00:00\" \/>\n<meta property=\"og:image\" content=\"https:\/\/extensu.com\/wp-content\/uploads\/2023\/03\/PromiseForest.jpg\" \/>\n\t<meta property=\"og:image:width\" content=\"720\" \/>\n\t<meta property=\"og:image:height\" content=\"480\" \/>\n\t<meta property=\"og:image:type\" content=\"image\/jpeg\" \/>\n<meta name=\"twitter:card\" content=\"summary_large_image\" \/>\n<script type=\"application\/ld+json\" class=\"yoast-schema-graph\">{\"@context\":\"https:\\\/\\\/schema.org\",\"@graph\":[{\"@type\":\"WebPage\",\"@id\":\"https:\\\/\\\/extensu.com\\\/de\\\/unser-versprechen\\\/\",\"url\":\"https:\\\/\\\/extensu.com\\\/de\\\/unser-versprechen\\\/\",\"name\":\"Unser Versprechen - Extensu\",\"isPartOf\":{\"@id\":\"https:\\\/\\\/extensu.com\\\/de\\\/#website\"},\"primaryImageOfPage\":{\"@id\":\"https:\\\/\\\/extensu.com\\\/de\\\/unser-versprechen\\\/#primaryimage\"},\"image\":{\"@id\":\"https:\\\/\\\/extensu.com\\\/de\\\/unser-versprechen\\\/#primaryimage\"},\"thumbnailUrl\":\"https:\\\/\\\/extensu.com\\\/wp-content\\\/uploads\\\/2023\\\/03\\\/PromiseForest.jpg\",\"datePublished\":\"2023-01-02T15:20:47+00:00\",\"dateModified\":\"2023-11-23T08:05:25+00:00\",\"breadcrumb\":{\"@id\":\"https:\\\/\\\/extensu.com\\\/de\\\/unser-versprechen\\\/#breadcrumb\"},\"inLanguage\":\"de\",\"potentialAction\":[{\"@type\":\"ReadAction\",\"target\":[\"https:\\\/\\\/extensu.com\\\/de\\\/unser-versprechen\\\/\"]}]},{\"@type\":\"ImageObject\",\"inLanguage\":\"de\",\"@id\":\"https:\\\/\\\/extensu.com\\\/de\\\/unser-versprechen\\\/#primaryimage\",\"url\":\"https:\\\/\\\/extensu.com\\\/wp-content\\\/uploads\\\/2023\\\/03\\\/PromiseForest.jpg\",\"contentUrl\":\"https:\\\/\\\/extensu.com\\\/wp-content\\\/uploads\\\/2023\\\/03\\\/PromiseForest.jpg\",\"width\":720,\"height\":480},{\"@type\":\"BreadcrumbList\",\"@id\":\"https:\\\/\\\/extensu.com\\\/de\\\/unser-versprechen\\\/#breadcrumb\",\"itemListElement\":[{\"@type\":\"ListItem\",\"position\":1,\"name\":\"Extensu\",\"item\":\"https:\\\/\\\/extensu.com\\\/de\\\/\"},{\"@type\":\"ListItem\",\"position\":2,\"name\":\"Unser Versprechen\"}]},{\"@type\":\"WebSite\",\"@id\":\"https:\\\/\\\/extensu.com\\\/de\\\/#website\",\"url\":\"https:\\\/\\\/extensu.com\\\/de\\\/\",\"name\":\"Extensu\",\"description\":\"Verander de titel\",\"potentialAction\":[{\"@type\":\"SearchAction\",\"target\":{\"@type\":\"EntryPoint\",\"urlTemplate\":\"https:\\\/\\\/extensu.com\\\/de\\\/?s={search_term_string}\"},\"query-input\":{\"@type\":\"PropertyValueSpecification\",\"valueRequired\":true,\"valueName\":\"search_term_string\"}}],\"inLanguage\":\"de\"}]}<\/script>\n<!-- \/ Yoast SEO plugin. -->","yoast_head_json":{"title":"Unser Versprechen - Extensu","robots":{"index":"index","follow":"follow","max-snippet":"max-snippet:-1","max-image-preview":"max-image-preview:large","max-video-preview":"max-video-preview:-1"},"canonical":"https:\/\/extensu.com\/de\/unser-versprechen\/","og_locale":"de_DE","og_type":"article","og_title":"Unser Versprechen - Extensu","og_url":"https:\/\/extensu.com\/de\/unser-versprechen\/","og_site_name":"Extensu","article_modified_time":"2023-11-23T08:05:25+00:00","og_image":[{"width":720,"height":480,"url":"https:\/\/extensu.com\/wp-content\/uploads\/2023\/03\/PromiseForest.jpg","type":"image\/jpeg"}],"twitter_card":"summary_large_image","schema":{"@context":"https:\/\/schema.org","@graph":[{"@type":"WebPage","@id":"https:\/\/extensu.com\/de\/unser-versprechen\/","url":"https:\/\/extensu.com\/de\/unser-versprechen\/","name":"Unser Versprechen - Extensu","isPartOf":{"@id":"https:\/\/extensu.com\/de\/#website"},"primaryImageOfPage":{"@id":"https:\/\/extensu.com\/de\/unser-versprechen\/#primaryimage"},"image":{"@id":"https:\/\/extensu.com\/de\/unser-versprechen\/#primaryimage"},"thumbnailUrl":"https:\/\/extensu.com\/wp-content\/uploads\/2023\/03\/PromiseForest.jpg","datePublished":"2023-01-02T15:20:47+00:00","dateModified":"2023-11-23T08:05:25+00:00","breadcrumb":{"@id":"https:\/\/extensu.com\/de\/unser-versprechen\/#breadcrumb"},"inLanguage":"de","potentialAction":[{"@type":"ReadAction","target":["https:\/\/extensu.com\/de\/unser-versprechen\/"]}]},{"@type":"ImageObject","inLanguage":"de","@id":"https:\/\/extensu.com\/de\/unser-versprechen\/#primaryimage","url":"https:\/\/extensu.com\/wp-content\/uploads\/2023\/03\/PromiseForest.jpg","contentUrl":"https:\/\/extensu.com\/wp-content\/uploads\/2023\/03\/PromiseForest.jpg","width":720,"height":480},{"@type":"BreadcrumbList","@id":"https:\/\/extensu.com\/de\/unser-versprechen\/#breadcrumb","itemListElement":[{"@type":"ListItem","position":1,"name":"Extensu","item":"https:\/\/extensu.com\/de\/"},{"@type":"ListItem","position":2,"name":"Unser Versprechen"}]},{"@type":"WebSite","@id":"https:\/\/extensu.com\/de\/#website","url":"https:\/\/extensu.com\/de\/","name":"Extensu","description":"Verander de titel","potentialAction":[{"@type":"SearchAction","target":{"@type":"EntryPoint","urlTemplate":"https:\/\/extensu.com\/de\/?s={search_term_string}"},"query-input":{"@type":"PropertyValueSpecification","valueRequired":true,"valueName":"search_term_string"}}],"inLanguage":"de"}]}},"_links":{"self":[{"href":"https:\/\/extensu.com\/de\/wp-json\/wp\/v2\/pages\/3961","targetHints":{"allow":["GET"]}}],"collection":[{"href":"https:\/\/extensu.com\/de\/wp-json\/wp\/v2\/pages"}],"about":[{"href":"https:\/\/extensu.com\/de\/wp-json\/wp\/v2\/types\/page"}],"author":[{"embeddable":true,"href":"https:\/\/extensu.com\/de\/wp-json\/wp\/v2\/users\/1"}],"replies":[{"embeddable":true,"href":"https:\/\/extensu.com\/de\/wp-json\/wp\/v2\/comments?post=3961"}],"version-history":[{"count":0,"href":"https:\/\/extensu.com\/de\/wp-json\/wp\/v2\/pages\/3961\/revisions"}],"wp:featuredmedia":[{"embeddable":true,"href":"https:\/\/extensu.com\/de\/wp-json\/wp\/v2\/media\/2813"}],"wp:attachment":[{"href":"https:\/\/extensu.com\/de\/wp-json\/wp\/v2\/media?parent=3961"}],"curies":[{"name":"wp","href":"https:\/\/api.w.org\/{rel}","templated":true}]}}