{"id":3974,"date":"2023-01-02T16:18:49","date_gmt":"2023-01-02T15:18:49","guid":{"rendered":"https:\/\/extensu.com\/what-is-extensu\/"},"modified":"2026-02-06T10:36:28","modified_gmt":"2026-02-06T09:36:28","slug":"was-ist-extensu","status":"publish","type":"page","link":"https:\/\/extensu.com\/de\/was-ist-extensu\/","title":{"rendered":"Was ist Extensu"},"content":{"rendered":"\n\n  <section id=\"\" class=\"hd-content block-hd-content pt-mobile-x pb-mobile-x st-mobile-s sb-mobile-s pt-tablet-x pb-tablet-x st-tablet-m sb-tablet-m pt-desktop-x pb-desktop-x st-desktop-x sb-desktop-s bg-none \">\n    <div class=\"container\">\n      <div class=\"row equal-no justify-content-start align-content-unset\">\n                  \n                                        <div class=\"col-12 col-lg-6 offset-0 \">\n                <div class=\"hd-content__wrap\">\n                                      \n                                              <div class=\"hd-content__paragraph hd-content__element text-grey block-st-s block-sb-s block-align-left section fadeup\">\n    <h2>Was ist Extensu<\/h2>\n<p>Extensu ist eine sch\u00f6ne Kollektion nachhaltiger Bodenbel\u00e4ge mit einem optimalen Lebenszyklus Die Kollektion Extensu Designb\u00f6den ist f\u00fcr einen optimalen Lebenszyklus konzipiert. Ein elastischer Boden auf Basis von Polypropylen, frei von sch\u00e4dlichen Elementen. Die gro\u00dfen Vorteile von Polypropylen Bodenbel\u00e4gen machen ihn zu einer beliebten Wahl f\u00fcr eine Vielzahl von Anwendungen.  <\/p>\n<p>Er erf\u00fcllt die strengen Normen f\u00fcr B\u00fcro-, Einzelhandels-, Restaurant- und Hotelanwendungen und vieles mehr. Aber auch f\u00fcr bewusste Verbraucher, die ein sicheres und angenehmes Raumklima suchen, ist er eine interessante Alternative.<\/p>\n<h4>Extensu tr\u00e4gt zu einer besseren Welt bei.<\/h4>\n<\/div>                      \n                      \n                      \n                      \n                      \n                      \n                      \n                                  <\/div>\n              <\/div>\n            \n          \n                                        <div class=\"col-12 col-md-12 col-sm-12 col-lg-6 offset-0 \">\n                <div class=\"hd-content__wrap\">\n                                      \n                      \n                                              <div class=\"hd-content__image hd-content__element  block-st-s block-sb-s block-align-left\">\n            <img loading=\"lazy\" decoding=\"async\" width=\"1024\" height=\"576\" src=\"https:\/\/extensu.com\/wp-content\/uploads\/2023\/04\/PeopleOkavan20793-1024x576.jpg\" class=\"hd-content__image--img\" alt=\"\" srcset=\"https:\/\/extensu.com\/wp-content\/uploads\/2023\/04\/PeopleOkavan20793-1024x576.jpg 1024w, https:\/\/extensu.com\/wp-content\/uploads\/2023\/04\/PeopleOkavan20793-300x169.jpg 300w, https:\/\/extensu.com\/wp-content\/uploads\/2023\/04\/PeopleOkavan20793-768x432.jpg 768w, https:\/\/extensu.com\/wp-content\/uploads\/2023\/04\/PeopleOkavan20793-200x113.jpg 200w, https:\/\/extensu.com\/wp-content\/uploads\/2023\/04\/PeopleOkavan20793-600x338.jpg 600w, https:\/\/extensu.com\/wp-content\/uploads\/2023\/04\/PeopleOkavan20793.jpg 1280w\" sizes=\"auto, (max-width: 1024px) 100vw, 1024px\" \/>        <\/div>                      \n                      \n                      \n                      \n                      \n                      \n                                  <\/div>\n              <\/div>\n            \n                        <\/div>\n    <\/div>\n\n  <\/section>\n\n      <div class=\"container\">\n      <div class=\"row\">\n        <div class=\"col-lg-12\">\n          <hr class=\"single-divider\">\n\n        <\/div>\n      <\/div>\n    <\/div>\n  \n\n\n\n\n  <section id=\"\" class=\"hd-content block-hd-content pt-mobile-x pb-mobile-x st-mobile-s sb-mobile-s pt-tablet-x pb-tablet-x st-tablet-m sb-tablet-m pt-desktop-x pb-desktop-x st-desktop-s sb-desktop-s bg-none \">\n    <div class=\"container\">\n      <div class=\"row equal-no justify-content-start align-content-unset\">\n                  \n                                        <div class=\"col-12 offset-0 \">\n                <div class=\"hd-content__wrap\">\n                                      \n                                              <div class=\"hd-content__paragraph hd-content__element text-grey block-st-s block-sb-x block-align-left section fadeup\">\n    <h3>Extensu Vorteile<\/h3>\n<\/div>                      \n                      \n                      \n                      \n                      \n                      \n                      \n                                  <\/div>\n              <\/div>\n            \n          \n                                        <div class=\"col-12 offset-0 \">\n                <div class=\"hd-content__wrap\">\n                                      \n                      \n                                              <div class=\"hd-content__image hd-content__element  block-st-s block-sb-s block-align-left\">\n            <img loading=\"lazy\" decoding=\"async\" width=\"128\" height=\"128\" src=\"https:\/\/extensu.com\/wp-content\/uploads\/2023\/04\/IconReclable-EN.png\" class=\"hd-content__image--img\" alt=\"\" srcset=\"https:\/\/extensu.com\/wp-content\/uploads\/2023\/04\/IconReclable-EN.png 128w, https:\/\/extensu.com\/wp-content\/uploads\/2023\/04\/IconReclable-EN-100x100.png 100w\" sizes=\"auto, (max-width: 128px) 100vw, 128px\" \/>        <\/div>                      \n                      \n                      \n                      \n                      \n                      \n                  \n                      \n                                              <div class=\"hd-content__image hd-content__element  block-st-s block-sb-s block-align-left\">\n            <img loading=\"lazy\" decoding=\"async\" width=\"128\" height=\"128\" src=\"https:\/\/extensu.com\/wp-content\/uploads\/2023\/04\/IconNoSVHC-EN.png\" class=\"hd-content__image--img\" alt=\"\" srcset=\"https:\/\/extensu.com\/wp-content\/uploads\/2023\/04\/IconNoSVHC-EN.png 128w, https:\/\/extensu.com\/wp-content\/uploads\/2023\/04\/IconNoSVHC-EN-100x100.png 100w\" sizes=\"auto, (max-width: 128px) 100vw, 128px\" \/>        <\/div>                      \n                      \n                      \n                      \n                      \n                      \n                  \n                      \n                                              <div class=\"hd-content__image hd-content__element  block-st-s block-sb-s block-align-left\">\n            <img loading=\"lazy\" decoding=\"async\" width=\"128\" height=\"128\" src=\"https:\/\/extensu.com\/wp-content\/uploads\/2023\/04\/IconLowVOC-EN.png\" class=\"hd-content__image--img\" alt=\"\" srcset=\"https:\/\/extensu.com\/wp-content\/uploads\/2023\/04\/IconLowVOC-EN.png 128w, https:\/\/extensu.com\/wp-content\/uploads\/2023\/04\/IconLowVOC-EN-100x100.png 100w\" sizes=\"auto, (max-width: 128px) 100vw, 128px\" \/>        <\/div>                      \n                      \n                      \n                      \n                      \n                      \n                  \n                      \n                                              <div class=\"hd-content__image hd-content__element  block-st-s block-sb-s block-align-left\">\n            <img loading=\"lazy\" decoding=\"async\" width=\"128\" height=\"128\" src=\"https:\/\/extensu.com\/wp-content\/uploads\/2023\/04\/IconNoPhthalates-EN.png\" class=\"hd-content__image--img\" alt=\"\" srcset=\"https:\/\/extensu.com\/wp-content\/uploads\/2023\/04\/IconNoPhthalates-EN.png 128w, https:\/\/extensu.com\/wp-content\/uploads\/2023\/04\/IconNoPhthalates-EN-100x100.png 100w\" sizes=\"auto, (max-width: 128px) 100vw, 128px\" \/>        <\/div>                      \n                      \n                      \n                      \n                      \n                      \n                  \n                      \n                                              <div class=\"hd-content__image hd-content__element  block-st-s block-sb-s block-align-left\">\n            <img loading=\"lazy\" decoding=\"async\" width=\"128\" height=\"128\" src=\"https:\/\/extensu.com\/wp-content\/uploads\/2023\/04\/IconNoPlasticisers-EN.png\" class=\"hd-content__image--img\" alt=\"\" srcset=\"https:\/\/extensu.com\/wp-content\/uploads\/2023\/04\/IconNoPlasticisers-EN.png 128w, https:\/\/extensu.com\/wp-content\/uploads\/2023\/04\/IconNoPlasticisers-EN-100x100.png 100w\" sizes=\"auto, (max-width: 128px) 100vw, 128px\" \/>        <\/div>                      \n                      \n                      \n                      \n                      \n                      \n                  \n                      \n                                              <div class=\"hd-content__image hd-content__element  block-st-s block-sb-s block-align-left\">\n            <img loading=\"lazy\" decoding=\"async\" width=\"128\" height=\"128\" src=\"https:\/\/extensu.com\/wp-content\/uploads\/2023\/04\/IconRecycled-EN.png\" class=\"hd-content__image--img\" alt=\"\" srcset=\"https:\/\/extensu.com\/wp-content\/uploads\/2023\/04\/IconRecycled-EN.png 128w, https:\/\/extensu.com\/wp-content\/uploads\/2023\/04\/IconRecycled-EN-100x100.png 100w\" sizes=\"auto, (max-width: 128px) 100vw, 128px\" \/>        <\/div>                      \n                      \n                      \n                      \n                      \n                      \n                  \n                      \n                                              <div class=\"hd-content__image hd-content__element  block-st-s block-sb-s block-align-left\">\n            <img loading=\"lazy\" decoding=\"async\" width=\"128\" height=\"128\" src=\"https:\/\/extensu.com\/wp-content\/uploads\/2023\/04\/Icon100pSafe-EN.png\" class=\"hd-content__image--img\" alt=\"\" srcset=\"https:\/\/extensu.com\/wp-content\/uploads\/2023\/04\/Icon100pSafe-EN.png 128w, https:\/\/extensu.com\/wp-content\/uploads\/2023\/04\/Icon100pSafe-EN-100x100.png 100w\" sizes=\"auto, (max-width: 128px) 100vw, 128px\" \/>        <\/div>                      \n                      \n                      \n                      \n                      \n                      \n                                  <\/div>\n              <\/div>\n            \n                        <\/div>\n    <\/div>\n\n  <\/section>\n\n      <div class=\"container\">\n      <div class=\"row\">\n        <div class=\"col-lg-12\">\n          <hr class=\"single-divider\">\n\n        <\/div>\n      <\/div>\n    <\/div>\n  \n\n\n\n\n  <section id=\"\" class=\"hd-content block-hd-content pt-mobile-x pb-mobile-x st-mobile-s sb-mobile-s pt-tablet-x pb-tablet-x st-tablet-m sb-tablet-m pt-desktop-x pb-desktop-x st-desktop-s sb-desktop-s bg-none \">\n    <div class=\"container\">\n      <div class=\"row equal-no justify-content-start align-content-unset\">\n                  \n                                        <div class=\"col-12 offset-0 \">\n                <div class=\"hd-content__wrap\">\n                                      \n                                              <div class=\"hd-content__paragraph hd-content__element text-grey block-st-s block-sb-x block-align-left section fadeup\">\n    <h3>Extensu Zertifizierungen<\/h3>\n<\/div>                      \n                      \n                      \n                      \n                      \n                      \n                      \n                                  <\/div>\n              <\/div>\n            \n          \n                                        <div class=\"col-12 offset-0 \">\n                <div class=\"hd-content__wrap\">\n                                      \n                      \n                                              <div class=\"hd-content__image hd-content__element  block-st-s block-sb-s block-align-left\">\n            <img loading=\"lazy\" decoding=\"async\" width=\"128\" height=\"128\" src=\"https:\/\/extensu.com\/wp-content\/uploads\/2023\/04\/IconISO9001.png\" class=\"hd-content__image--img\" alt=\"\" srcset=\"https:\/\/extensu.com\/wp-content\/uploads\/2023\/04\/IconISO9001.png 128w, https:\/\/extensu.com\/wp-content\/uploads\/2023\/04\/IconISO9001-100x100.png 100w\" sizes=\"auto, (max-width: 128px) 100vw, 128px\" \/>        <\/div>                      \n                      \n                      \n                      \n                      \n                      \n                  \n                      \n                                              <div class=\"hd-content__image hd-content__element  block-st-s block-sb-s block-align-left\">\n            <img loading=\"lazy\" decoding=\"async\" width=\"128\" height=\"128\" src=\"https:\/\/extensu.com\/wp-content\/uploads\/2023\/04\/IconISO14001.png\" class=\"hd-content__image--img\" alt=\"\" srcset=\"https:\/\/extensu.com\/wp-content\/uploads\/2023\/04\/IconISO14001.png 128w, https:\/\/extensu.com\/wp-content\/uploads\/2023\/04\/IconISO14001-100x100.png 100w\" sizes=\"auto, (max-width: 128px) 100vw, 128px\" \/>        <\/div>                      \n                      \n                      \n                      \n                      \n                      \n                  \n                      \n                                              <div class=\"hd-content__image hd-content__element  block-st-s block-sb-s block-align-left\">\n            <img loading=\"lazy\" decoding=\"async\" width=\"128\" height=\"128\" src=\"https:\/\/extensu.com\/wp-content\/uploads\/2023\/04\/IconEurofinscolor.png\" class=\"hd-content__image--img\" alt=\"\" srcset=\"https:\/\/extensu.com\/wp-content\/uploads\/2023\/04\/IconEurofinscolor.png 128w, https:\/\/extensu.com\/wp-content\/uploads\/2023\/04\/IconEurofinscolor-100x100.png 100w\" sizes=\"auto, (max-width: 128px) 100vw, 128px\" \/>        <\/div>                      \n                      \n                      \n                      \n                      \n                      \n                  \n                      \n                                              <div class=\"hd-content__image hd-content__element  block-st-s block-sb-s block-align-left\">\n            <img loading=\"lazy\" decoding=\"async\" width=\"128\" height=\"128\" src=\"https:\/\/extensu.com\/wp-content\/uploads\/2023\/04\/IconM1Color.png\" class=\"hd-content__image--img\" alt=\"\" srcset=\"https:\/\/extensu.com\/wp-content\/uploads\/2023\/04\/IconM1Color.png 128w, https:\/\/extensu.com\/wp-content\/uploads\/2023\/04\/IconM1Color-100x100.png 100w\" sizes=\"auto, (max-width: 128px) 100vw, 128px\" \/>        <\/div>                      \n                      \n                      \n                      \n                      \n                      \n                                  <\/div>\n              <\/div>\n            \n                        <\/div>\n    <\/div>\n\n  <\/section>\n\n  \n\n\n\n\n    <section id=\"\" class=\"hd-content block-fluid-slider pt-mobile-x pb-mobile-x st-mobile-s sb-mobile-m pt-tablet-x pb-tablet-x st-tablet-m sb-tablet-m pt-desktop-x pb-desktop-x st-desktop-s sb-desktop-m bg-none \">\n        <div class=\"container-fluid\">\n            <div class=\"row\">\n                <div class=\"col-lg-12\">\n\n                    <div class=\"splide splide-fluid\" id=\"splide-fluid\" aria-label=\"Splide Basic HTML Example\">\n                        <div class=\"splide__track\">\n                            <ul class=\"splide__list\">\n                                                                                                            <li class=\"splide__slide\"><img decoding=\"async\" src=\"https:\/\/extensu.com\/wp-content\/uploads\/2023\/04\/HeaderOkavan20792.jpg\" alt=\"\"><\/li>\n                                                                            <li class=\"splide__slide\"><img decoding=\"async\" src=\"https:\/\/extensu.com\/wp-content\/uploads\/2023\/04\/HeaderSerengi21803-21804.jpg\" alt=\"\"><\/li>\n                                                                            <li class=\"splide__slide\"><img decoding=\"async\" src=\"https:\/\/extensu.com\/wp-content\/uploads\/2023\/04\/HeaderAcropol22811.jpg\" alt=\"\"><\/li>\n                                                                                                <\/ul>\n                        <\/div>\n\n                        <div class=\"splide__arrows splide__arrows--ltr\">\n\n                            <button class=\"splide__arrow splide__arrow--prev\" type=\"button\" disabled=\"\" aria-label=\"Previous slide\" aria-controls=\"splide-header-track\">\n                                <svg xmlns=\"http:\/\/www.w3.org\/2000\/svg\" width=\"13.107\" height=\"10.461\" viewBox=\"0 0 13.107 10.461\">\n                                    <path id=\"left\" data-name=\"Previous\" d=\"M5.23,10.461,0,5.23,5.23,0H6.938L2.261,4.615H13.107V5.83H2.246l4.692,4.631Z\" fill=\"#fff\" \/>\n                                <\/svg>\n                            <\/button>\n                            <button class=\"splide__arrow splide__arrow--next\" type=\"button\" aria-label=\"Next slide\" aria-controls=\"splide-header-track\">\n                                <svg xmlns=\"http:\/\/www.w3.org\/2000\/svg\" width=\"13.107\" height=\"10.461\" viewBox=\"0 0 13.107 10.461\">\n                                    <path id=\"right\" data-name=\"Next\" d=\"M5.23,10.461,0,5.23,5.23,0H6.938L2.261,4.615H13.107V5.83H2.246l4.692,4.631Z\" fill=\"#fff\" \/>\n                                <\/svg>\n                            <\/button>\n                        <\/div>\n\n                    <\/div>\n\n                <\/div>\n            <\/div>\n        <\/div>\n\n    <\/section>\n\n","protected":false},"excerpt":{"rendered":"","protected":false},"author":1,"featured_media":3494,"parent":0,"menu_order":0,"comment_status":"closed","ping_status":"closed","template":"","meta":{"_acf_changed":false,"footnotes":""},"class_list":["post-3974","page","type-page","status-publish","has-post-thumbnail","hentry"],"acf":[],"yoast_head":"<!-- This site is optimized with the Yoast SEO plugin v27.3 - https:\/\/yoast.com\/product\/yoast-seo-wordpress\/ -->\n<title>Was ist Extensu - Extensu<\/title>\n<meta name=\"robots\" content=\"index, follow, max-snippet:-1, max-image-preview:large, max-video-preview:-1\" \/>\n<link rel=\"canonical\" href=\"https:\/\/extensu.com\/de\/was-ist-extensu\/\" \/>\n<meta property=\"og:locale\" content=\"de_DE\" \/>\n<meta property=\"og:type\" content=\"article\" \/>\n<meta property=\"og:title\" content=\"Was ist Extensu - Extensu\" \/>\n<meta property=\"og:url\" content=\"https:\/\/extensu.com\/de\/was-ist-extensu\/\" \/>\n<meta property=\"og:site_name\" content=\"Extensu\" \/>\n<meta property=\"article:modified_time\" content=\"2026-02-06T09:36:28+00:00\" \/>\n<meta property=\"og:image\" content=\"https:\/\/extensu.com\/wp-content\/uploads\/2023\/04\/PeopleOkavan20793.jpg\" \/>\n\t<meta property=\"og:image:width\" content=\"1280\" \/>\n\t<meta property=\"og:image:height\" content=\"720\" \/>\n\t<meta property=\"og:image:type\" content=\"image\/jpeg\" \/>\n<meta name=\"twitter:card\" content=\"summary_large_image\" \/>\n<meta name=\"twitter:label1\" content=\"Gesch\u00e4tzte Lesezeit\" \/>\n\t<meta name=\"twitter:data1\" content=\"4\u00a0Minuten\" \/>\n<script type=\"application\/ld+json\" class=\"yoast-schema-graph\">{\"@context\":\"https:\\\/\\\/schema.org\",\"@graph\":[{\"@type\":\"WebPage\",\"@id\":\"https:\\\/\\\/extensu.com\\\/de\\\/was-ist-extensu\\\/\",\"url\":\"https:\\\/\\\/extensu.com\\\/de\\\/was-ist-extensu\\\/\",\"name\":\"Was ist Extensu - Extensu\",\"isPartOf\":{\"@id\":\"https:\\\/\\\/extensu.com\\\/de\\\/#website\"},\"primaryImageOfPage\":{\"@id\":\"https:\\\/\\\/extensu.com\\\/de\\\/was-ist-extensu\\\/#primaryimage\"},\"image\":{\"@id\":\"https:\\\/\\\/extensu.com\\\/de\\\/was-ist-extensu\\\/#primaryimage\"},\"thumbnailUrl\":\"https:\\\/\\\/extensu.com\\\/wp-content\\\/uploads\\\/2023\\\/04\\\/PeopleOkavan20793.jpg\",\"datePublished\":\"2023-01-02T15:18:49+00:00\",\"dateModified\":\"2026-02-06T09:36:28+00:00\",\"breadcrumb\":{\"@id\":\"https:\\\/\\\/extensu.com\\\/de\\\/was-ist-extensu\\\/#breadcrumb\"},\"inLanguage\":\"de\",\"potentialAction\":[{\"@type\":\"ReadAction\",\"target\":[\"https:\\\/\\\/extensu.com\\\/de\\\/was-ist-extensu\\\/\"]}]},{\"@type\":\"ImageObject\",\"inLanguage\":\"de\",\"@id\":\"https:\\\/\\\/extensu.com\\\/de\\\/was-ist-extensu\\\/#primaryimage\",\"url\":\"https:\\\/\\\/extensu.com\\\/wp-content\\\/uploads\\\/2023\\\/04\\\/PeopleOkavan20793.jpg\",\"contentUrl\":\"https:\\\/\\\/extensu.com\\\/wp-content\\\/uploads\\\/2023\\\/04\\\/PeopleOkavan20793.jpg\",\"width\":1280,\"height\":720},{\"@type\":\"BreadcrumbList\",\"@id\":\"https:\\\/\\\/extensu.com\\\/de\\\/was-ist-extensu\\\/#breadcrumb\",\"itemListElement\":[{\"@type\":\"ListItem\",\"position\":1,\"name\":\"Extensu\",\"item\":\"https:\\\/\\\/extensu.com\\\/de\\\/\"},{\"@type\":\"ListItem\",\"position\":2,\"name\":\"Was ist Extensu\"}]},{\"@type\":\"WebSite\",\"@id\":\"https:\\\/\\\/extensu.com\\\/de\\\/#website\",\"url\":\"https:\\\/\\\/extensu.com\\\/de\\\/\",\"name\":\"Extensu\",\"description\":\"Verander de titel\",\"potentialAction\":[{\"@type\":\"SearchAction\",\"target\":{\"@type\":\"EntryPoint\",\"urlTemplate\":\"https:\\\/\\\/extensu.com\\\/de\\\/?s={search_term_string}\"},\"query-input\":{\"@type\":\"PropertyValueSpecification\",\"valueRequired\":true,\"valueName\":\"search_term_string\"}}],\"inLanguage\":\"de\"}]}<\/script>\n<!-- \/ Yoast SEO plugin. -->","yoast_head_json":{"title":"Was ist Extensu - Extensu","robots":{"index":"index","follow":"follow","max-snippet":"max-snippet:-1","max-image-preview":"max-image-preview:large","max-video-preview":"max-video-preview:-1"},"canonical":"https:\/\/extensu.com\/de\/was-ist-extensu\/","og_locale":"de_DE","og_type":"article","og_title":"Was ist Extensu - Extensu","og_url":"https:\/\/extensu.com\/de\/was-ist-extensu\/","og_site_name":"Extensu","article_modified_time":"2026-02-06T09:36:28+00:00","og_image":[{"width":1280,"height":720,"url":"https:\/\/extensu.com\/wp-content\/uploads\/2023\/04\/PeopleOkavan20793.jpg","type":"image\/jpeg"}],"twitter_card":"summary_large_image","twitter_misc":{"Gesch\u00e4tzte Lesezeit":"4\u00a0Minuten"},"schema":{"@context":"https:\/\/schema.org","@graph":[{"@type":"WebPage","@id":"https:\/\/extensu.com\/de\/was-ist-extensu\/","url":"https:\/\/extensu.com\/de\/was-ist-extensu\/","name":"Was ist Extensu - Extensu","isPartOf":{"@id":"https:\/\/extensu.com\/de\/#website"},"primaryImageOfPage":{"@id":"https:\/\/extensu.com\/de\/was-ist-extensu\/#primaryimage"},"image":{"@id":"https:\/\/extensu.com\/de\/was-ist-extensu\/#primaryimage"},"thumbnailUrl":"https:\/\/extensu.com\/wp-content\/uploads\/2023\/04\/PeopleOkavan20793.jpg","datePublished":"2023-01-02T15:18:49+00:00","dateModified":"2026-02-06T09:36:28+00:00","breadcrumb":{"@id":"https:\/\/extensu.com\/de\/was-ist-extensu\/#breadcrumb"},"inLanguage":"de","potentialAction":[{"@type":"ReadAction","target":["https:\/\/extensu.com\/de\/was-ist-extensu\/"]}]},{"@type":"ImageObject","inLanguage":"de","@id":"https:\/\/extensu.com\/de\/was-ist-extensu\/#primaryimage","url":"https:\/\/extensu.com\/wp-content\/uploads\/2023\/04\/PeopleOkavan20793.jpg","contentUrl":"https:\/\/extensu.com\/wp-content\/uploads\/2023\/04\/PeopleOkavan20793.jpg","width":1280,"height":720},{"@type":"BreadcrumbList","@id":"https:\/\/extensu.com\/de\/was-ist-extensu\/#breadcrumb","itemListElement":[{"@type":"ListItem","position":1,"name":"Extensu","item":"https:\/\/extensu.com\/de\/"},{"@type":"ListItem","position":2,"name":"Was ist Extensu"}]},{"@type":"WebSite","@id":"https:\/\/extensu.com\/de\/#website","url":"https:\/\/extensu.com\/de\/","name":"Extensu","description":"Verander de titel","potentialAction":[{"@type":"SearchAction","target":{"@type":"EntryPoint","urlTemplate":"https:\/\/extensu.com\/de\/?s={search_term_string}"},"query-input":{"@type":"PropertyValueSpecification","valueRequired":true,"valueName":"search_term_string"}}],"inLanguage":"de"}]}},"_links":{"self":[{"href":"https:\/\/extensu.com\/de\/wp-json\/wp\/v2\/pages\/3974","targetHints":{"allow":["GET"]}}],"collection":[{"href":"https:\/\/extensu.com\/de\/wp-json\/wp\/v2\/pages"}],"about":[{"href":"https:\/\/extensu.com\/de\/wp-json\/wp\/v2\/types\/page"}],"author":[{"embeddable":true,"href":"https:\/\/extensu.com\/de\/wp-json\/wp\/v2\/users\/1"}],"replies":[{"embeddable":true,"href":"https:\/\/extensu.com\/de\/wp-json\/wp\/v2\/comments?post=3974"}],"version-history":[{"count":2,"href":"https:\/\/extensu.com\/de\/wp-json\/wp\/v2\/pages\/3974\/revisions"}],"predecessor-version":[{"id":4991,"href":"https:\/\/extensu.com\/de\/wp-json\/wp\/v2\/pages\/3974\/revisions\/4991"}],"wp:featuredmedia":[{"embeddable":true,"href":"https:\/\/extensu.com\/de\/wp-json\/wp\/v2\/media\/3494"}],"wp:attachment":[{"href":"https:\/\/extensu.com\/de\/wp-json\/wp\/v2\/media?parent=3974"}],"curies":[{"name":"wp","href":"https:\/\/api.w.org\/{rel}","templated":true}]}}