{"id":3978,"date":"2023-01-10T10:19:40","date_gmt":"2023-01-10T09:19:40","guid":{"rendered":"https:\/\/extensu.com\/what-is-polypropylene\/"},"modified":"2023-09-22T20:08:23","modified_gmt":"2023-09-22T18:08:23","slug":"was-ist-polypropylen","status":"publish","type":"page","link":"https:\/\/extensu.com\/de\/was-ist-polypropylen\/","title":{"rendered":"Was ist Polypropylen"},"content":{"rendered":"\n\n  <section id=\"\" class=\"hd-content block-hd-content pt-mobile-x pb-mobile-x st-mobile-x sb-mobile-x pt-tablet-x pb-tablet-x st-tablet-x sb-tablet-x pt-desktop-x pb-desktop-x st-desktop-x sb-desktop-s bg-none \">\n    <div class=\"container\">\n      <div class=\"row equal-no justify-content-start align-content-center\">\n                  \n                                        <div class=\"col-12 col-md-6 col-sm-12 col-lg-6 offset-0 \">\n                <div class=\"hd-content__wrap\">\n                                      \n                                              <div class=\"hd-content__paragraph hd-content__element text-grey block-st-s block-sb-s block-align-left section fadeup\">\n    <h2>Was ist Polypropylen<\/h2>\n<p>Polypropylen (PP) ist ein thermoplastisches Polymer, das in einer Vielzahl von Anwendungen eingesetzt wird. Es handelt sich um eine Art von Kunststoff, der aus dem Monomer Propylen hergestellt wird und f\u00fcr seine hohe Festigkeit, Haltbarkeit und Best\u00e4ndigkeit gegen Chemikalien und Hitze bekannt ist. <\/p>\n<p>Das Polymer wird in einer Vielzahl von Produkten verwendet, darunter Verpackungsmaterialien wie Flaschen, Beh\u00e4lter und Taschen sowie in Textilien, Automobilteilen und medizinischen Ger\u00e4ten. Es wird auch bei der Herstellung von Haushaltsgegenst\u00e4nden wie Spielzeug, M\u00f6beln, Ger\u00e4ten und nat\u00fcrlich Bodenbel\u00e4gen verwendet. <\/p>\n<p>Da Polypropylen leicht zu recyceln ist, kann das Material zur Herstellung neuer Produkte, sogar von Bodenbel\u00e4gen, wiederverwendet werden.<\/p>\n<\/div>                      \n                      \n                      \n                      \n                      \n                      \n                      \n                                  <\/div>\n              <\/div>\n            \n          \n                                        <div class=\"col-12 col-md-6 col-sm-12 col-lg-6 offset-0 \">\n                <div class=\"hd-content__wrap\">\n                                      \n                      \n                                              <div class=\"hd-content__image hd-content__element  block-st-s block-sb-s block-align-left\">\n            <img loading=\"lazy\" decoding=\"async\" width=\"512\" height=\"512\" src=\"https:\/\/extensu.com\/wp-content\/uploads\/2023\/04\/Polypropylene.jpg\" class=\"hd-content__image--img\" alt=\"\" srcset=\"https:\/\/extensu.com\/wp-content\/uploads\/2023\/04\/Polypropylene.jpg 512w, https:\/\/extensu.com\/wp-content\/uploads\/2023\/04\/Polypropylene-300x300.jpg 300w, https:\/\/extensu.com\/wp-content\/uploads\/2023\/04\/Polypropylene-150x150.jpg 150w, https:\/\/extensu.com\/wp-content\/uploads\/2023\/04\/Polypropylene-200x200.jpg 200w, https:\/\/extensu.com\/wp-content\/uploads\/2023\/04\/Polypropylene-100x100.jpg 100w\" sizes=\"auto, (max-width: 512px) 100vw, 512px\" \/>        <\/div>                      \n                      \n                      \n                      \n                      \n                      \n                                  <\/div>\n              <\/div>\n            \n                        <\/div>\n    <\/div>\n\n  <\/section>\n\n      <div class=\"container\">\n      <div class=\"row\">\n        <div class=\"col-lg-12\">\n          <hr class=\"single-divider\">\n\n        <\/div>\n      <\/div>\n    <\/div>\n  \n\n\n  <section id=\"\" class=\"hd-content block-hd-content pt-mobile-x pb-mobile-x st-mobile-m sb-mobile-m pt-tablet-x pb-tablet-x st-tablet-m sb-tablet-m pt-desktop-x pb-desktop-x st-desktop-s sb-desktop-m bg-none \">\n    <div class=\"container\">\n      <div class=\"row equal-no justify-content-start align-content-unset\">\n                  \n                                        <div class=\"col-12 col-lg-6 offset-0 \">\n                <div class=\"hd-content__wrap\">\n                                      \n                                              <div class=\"hd-content__paragraph hd-content__element text-grey block-st-s block-sb-s block-align-left section fadeup\">\n    <h3>Vorteile von Polypropylen-Bodenbel\u00e4gen<\/h3>\n<p>Polypropylen-Bodenbel\u00e4ge haben gro\u00dfe Vorteile, die sie zu einer beliebten Wahl f\u00fcr verschiedene Anwendungen machen. Einige der wichtigsten Vorteile von Polypropylen-Bodenbel\u00e4gen sind: <\/p>\n<ul>\n<li>Langlebig<\/li>\n<li>Wasserbest\u00e4ndig<\/li>\n<li>Fleckenbest\u00e4ndig<\/li>\n<li>Vielseitig<\/li>\n<li>Einfach zu verlegen<\/li>\n<\/ul>\n<p>Insgesamt machen die Vorteile von Polypropylen-Bodenbel\u00e4gen sie zu einer praktischen und vielseitigen Bodenbelagsoption f\u00fcr eine Vielzahl von Anwendungen.<\/p>\n<p>&nbsp;<\/p>\n<p><img loading=\"lazy\" decoding=\"async\" class=\"alignnone size-full wp-image-3771\" src=\"https:\/\/extensu.com\/wp-content\/uploads\/2023\/04\/IconPP.png\" alt=\"\" width=\"256\" height=\"256\" srcset=\"https:\/\/extensu.com\/wp-content\/uploads\/2023\/04\/IconPP.png 256w, https:\/\/extensu.com\/wp-content\/uploads\/2023\/04\/IconPP-150x150.png 150w, https:\/\/extensu.com\/wp-content\/uploads\/2023\/04\/IconPP-200x200.png 200w, https:\/\/extensu.com\/wp-content\/uploads\/2023\/04\/IconPP-100x100.png 100w\" sizes=\"auto, (max-width: 256px) 100vw, 256px\" \/><\/p>\n<\/div>                      \n                      \n                      \n                      \n                      \n                      \n                      \n                                  <\/div>\n              <\/div>\n            \n          \n                                        <div class=\"col-12 col-lg-6 offset-0 \">\n                <div class=\"hd-content__wrap\">\n                                      \n                                              <div class=\"hd-content__paragraph hd-content__element text-grey block-st-s block-sb-s block-align-left section fadeup\">\n    <h4>Langlebigkeit<\/h4>\n<p>Aufgrund seiner hohen Strapazierf\u00e4higkeit und Verschlei\u00dffestigkeit ist Polypropylen-Bodenbel\u00e4ge ideal f\u00fcr stark frequentierte Bereiche. Er kann schweren Lasten, Fu\u00dfg\u00e4ngerverkehr und St\u00f6\u00dfen standhalten, ohne Anzeichen von Besch\u00e4digung zu zeigen. <\/p>\n<h4>Wasserbest\u00e4ndigkeit<\/h4>\n<p>Polypropylen-Bodenbel\u00e4ge sind wasserdicht und k\u00f6nnen Wasser ausgesetzt werden, ohne sich zu verziehen oder aufzuquellen. Dies macht ihn zu einer ausgezeichneten Wahl f\u00fcr Bereiche mit hoher Luftfeuchtigkeit oder N\u00e4sse, wie z. B. B\u00e4der und K\u00fcchen. <\/p>\n<h4>Fleckenbest\u00e4ndigkeit<\/h4>\n<p>Flecken haben bei Polypropylen-Bodenbel\u00e4gen keine Chance, denn sie sind schmutzabweisend und daher leicht zu reinigen und zu pflegen. Er kann leicht mit einem feuchten Tuch oder Wischmopp gereinigt werden und eignet sich daher ideal f\u00fcr Bereiche, in denen er h\u00e4ufig versch\u00fcttet wird. <\/p>\n<h4>Vielseitigkeit<\/h4>\n<p>Extensu Polypropylen-Bodenbel\u00e4ge sind in einer breiten Palette von Farben, Stilen und Designs erh\u00e4ltlich, was sie zu einer vielseitigen Bodenbelagsoption macht, die in verschiedenen Bereichen eingesetzt werden kann, einschlie\u00dflich Wohn-, Gewerbe- und Industriebereichen.<\/p>\n<h4>Einfach zu verlegen<\/h4>\n<p>Bei entsprechender Vorbereitung des Unterbodens sind Polypropylen-Bodenbel\u00e4ge leicht zu verlegen.<\/p>\n<\/div>                      \n                      \n                      \n                      \n                      \n                      \n                      \n                                  <\/div>\n              <\/div>\n            \n                        <\/div>\n    <\/div>\n\n  <\/section>\n\n  \n","protected":false},"excerpt":{"rendered":"","protected":false},"author":1,"featured_media":3761,"parent":0,"menu_order":0,"comment_status":"closed","ping_status":"closed","template":"","meta":{"_acf_changed":false,"footnotes":""},"class_list":["post-3978","page","type-page","status-publish","has-post-thumbnail","hentry"],"acf":[],"yoast_head":"<!-- This site is optimized with the Yoast SEO plugin v27.3 - https:\/\/yoast.com\/product\/yoast-seo-wordpress\/ -->\n<title>Was ist Polypropylen - Extensu<\/title>\n<meta name=\"robots\" content=\"index, follow, max-snippet:-1, max-image-preview:large, max-video-preview:-1\" \/>\n<link rel=\"canonical\" href=\"https:\/\/extensu.com\/de\/was-ist-polypropylen\/\" \/>\n<meta property=\"og:locale\" content=\"de_DE\" \/>\n<meta property=\"og:type\" content=\"article\" \/>\n<meta property=\"og:title\" content=\"Was ist Polypropylen - Extensu\" \/>\n<meta property=\"og:url\" content=\"https:\/\/extensu.com\/de\/was-ist-polypropylen\/\" \/>\n<meta property=\"og:site_name\" content=\"Extensu\" \/>\n<meta property=\"article:modified_time\" content=\"2023-09-22T18:08:23+00:00\" \/>\n<meta property=\"og:image\" content=\"https:\/\/extensu.com\/wp-content\/uploads\/2023\/04\/Polypropylene.jpg\" \/>\n\t<meta property=\"og:image:width\" content=\"512\" \/>\n\t<meta property=\"og:image:height\" content=\"512\" \/>\n\t<meta property=\"og:image:type\" content=\"image\/jpeg\" \/>\n<meta name=\"twitter:card\" content=\"summary_large_image\" \/>\n<script type=\"application\/ld+json\" class=\"yoast-schema-graph\">{\"@context\":\"https:\\\/\\\/schema.org\",\"@graph\":[{\"@type\":\"WebPage\",\"@id\":\"https:\\\/\\\/extensu.com\\\/de\\\/was-ist-polypropylen\\\/\",\"url\":\"https:\\\/\\\/extensu.com\\\/de\\\/was-ist-polypropylen\\\/\",\"name\":\"Was ist Polypropylen - Extensu\",\"isPartOf\":{\"@id\":\"https:\\\/\\\/extensu.com\\\/de\\\/#website\"},\"primaryImageOfPage\":{\"@id\":\"https:\\\/\\\/extensu.com\\\/de\\\/was-ist-polypropylen\\\/#primaryimage\"},\"image\":{\"@id\":\"https:\\\/\\\/extensu.com\\\/de\\\/was-ist-polypropylen\\\/#primaryimage\"},\"thumbnailUrl\":\"https:\\\/\\\/extensu.com\\\/wp-content\\\/uploads\\\/2023\\\/04\\\/Polypropylene.jpg\",\"datePublished\":\"2023-01-10T09:19:40+00:00\",\"dateModified\":\"2023-09-22T18:08:23+00:00\",\"breadcrumb\":{\"@id\":\"https:\\\/\\\/extensu.com\\\/de\\\/was-ist-polypropylen\\\/#breadcrumb\"},\"inLanguage\":\"de\",\"potentialAction\":[{\"@type\":\"ReadAction\",\"target\":[\"https:\\\/\\\/extensu.com\\\/de\\\/was-ist-polypropylen\\\/\"]}]},{\"@type\":\"ImageObject\",\"inLanguage\":\"de\",\"@id\":\"https:\\\/\\\/extensu.com\\\/de\\\/was-ist-polypropylen\\\/#primaryimage\",\"url\":\"https:\\\/\\\/extensu.com\\\/wp-content\\\/uploads\\\/2023\\\/04\\\/Polypropylene.jpg\",\"contentUrl\":\"https:\\\/\\\/extensu.com\\\/wp-content\\\/uploads\\\/2023\\\/04\\\/Polypropylene.jpg\",\"width\":512,\"height\":512},{\"@type\":\"BreadcrumbList\",\"@id\":\"https:\\\/\\\/extensu.com\\\/de\\\/was-ist-polypropylen\\\/#breadcrumb\",\"itemListElement\":[{\"@type\":\"ListItem\",\"position\":1,\"name\":\"Extensu\",\"item\":\"https:\\\/\\\/extensu.com\\\/de\\\/\"},{\"@type\":\"ListItem\",\"position\":2,\"name\":\"Was ist Polypropylen\"}]},{\"@type\":\"WebSite\",\"@id\":\"https:\\\/\\\/extensu.com\\\/de\\\/#website\",\"url\":\"https:\\\/\\\/extensu.com\\\/de\\\/\",\"name\":\"Extensu\",\"description\":\"Verander de titel\",\"potentialAction\":[{\"@type\":\"SearchAction\",\"target\":{\"@type\":\"EntryPoint\",\"urlTemplate\":\"https:\\\/\\\/extensu.com\\\/de\\\/?s={search_term_string}\"},\"query-input\":{\"@type\":\"PropertyValueSpecification\",\"valueRequired\":true,\"valueName\":\"search_term_string\"}}],\"inLanguage\":\"de\"}]}<\/script>\n<!-- \/ Yoast SEO plugin. -->","yoast_head_json":{"title":"Was ist Polypropylen - Extensu","robots":{"index":"index","follow":"follow","max-snippet":"max-snippet:-1","max-image-preview":"max-image-preview:large","max-video-preview":"max-video-preview:-1"},"canonical":"https:\/\/extensu.com\/de\/was-ist-polypropylen\/","og_locale":"de_DE","og_type":"article","og_title":"Was ist Polypropylen - Extensu","og_url":"https:\/\/extensu.com\/de\/was-ist-polypropylen\/","og_site_name":"Extensu","article_modified_time":"2023-09-22T18:08:23+00:00","og_image":[{"width":512,"height":512,"url":"https:\/\/extensu.com\/wp-content\/uploads\/2023\/04\/Polypropylene.jpg","type":"image\/jpeg"}],"twitter_card":"summary_large_image","schema":{"@context":"https:\/\/schema.org","@graph":[{"@type":"WebPage","@id":"https:\/\/extensu.com\/de\/was-ist-polypropylen\/","url":"https:\/\/extensu.com\/de\/was-ist-polypropylen\/","name":"Was ist Polypropylen - Extensu","isPartOf":{"@id":"https:\/\/extensu.com\/de\/#website"},"primaryImageOfPage":{"@id":"https:\/\/extensu.com\/de\/was-ist-polypropylen\/#primaryimage"},"image":{"@id":"https:\/\/extensu.com\/de\/was-ist-polypropylen\/#primaryimage"},"thumbnailUrl":"https:\/\/extensu.com\/wp-content\/uploads\/2023\/04\/Polypropylene.jpg","datePublished":"2023-01-10T09:19:40+00:00","dateModified":"2023-09-22T18:08:23+00:00","breadcrumb":{"@id":"https:\/\/extensu.com\/de\/was-ist-polypropylen\/#breadcrumb"},"inLanguage":"de","potentialAction":[{"@type":"ReadAction","target":["https:\/\/extensu.com\/de\/was-ist-polypropylen\/"]}]},{"@type":"ImageObject","inLanguage":"de","@id":"https:\/\/extensu.com\/de\/was-ist-polypropylen\/#primaryimage","url":"https:\/\/extensu.com\/wp-content\/uploads\/2023\/04\/Polypropylene.jpg","contentUrl":"https:\/\/extensu.com\/wp-content\/uploads\/2023\/04\/Polypropylene.jpg","width":512,"height":512},{"@type":"BreadcrumbList","@id":"https:\/\/extensu.com\/de\/was-ist-polypropylen\/#breadcrumb","itemListElement":[{"@type":"ListItem","position":1,"name":"Extensu","item":"https:\/\/extensu.com\/de\/"},{"@type":"ListItem","position":2,"name":"Was ist Polypropylen"}]},{"@type":"WebSite","@id":"https:\/\/extensu.com\/de\/#website","url":"https:\/\/extensu.com\/de\/","name":"Extensu","description":"Verander de titel","potentialAction":[{"@type":"SearchAction","target":{"@type":"EntryPoint","urlTemplate":"https:\/\/extensu.com\/de\/?s={search_term_string}"},"query-input":{"@type":"PropertyValueSpecification","valueRequired":true,"valueName":"search_term_string"}}],"inLanguage":"de"}]}},"_links":{"self":[{"href":"https:\/\/extensu.com\/de\/wp-json\/wp\/v2\/pages\/3978","targetHints":{"allow":["GET"]}}],"collection":[{"href":"https:\/\/extensu.com\/de\/wp-json\/wp\/v2\/pages"}],"about":[{"href":"https:\/\/extensu.com\/de\/wp-json\/wp\/v2\/types\/page"}],"author":[{"embeddable":true,"href":"https:\/\/extensu.com\/de\/wp-json\/wp\/v2\/users\/1"}],"replies":[{"embeddable":true,"href":"https:\/\/extensu.com\/de\/wp-json\/wp\/v2\/comments?post=3978"}],"version-history":[{"count":0,"href":"https:\/\/extensu.com\/de\/wp-json\/wp\/v2\/pages\/3978\/revisions"}],"wp:featuredmedia":[{"embeddable":true,"href":"https:\/\/extensu.com\/de\/wp-json\/wp\/v2\/media\/3761"}],"wp:attachment":[{"href":"https:\/\/extensu.com\/de\/wp-json\/wp\/v2\/media?parent=3978"}],"curies":[{"name":"wp","href":"https:\/\/api.w.org\/{rel}","templated":true}]}}