{"id":4040,"date":"2023-03-08T15:03:14","date_gmt":"2023-03-08T14:03:14","guid":{"rendered":"https:\/\/extensu.com\/technical-specifications\/"},"modified":"2023-11-27T17:02:24","modified_gmt":"2023-11-27T16:02:24","slug":"technische-daten","status":"publish","type":"page","link":"https:\/\/extensu.com\/de\/technische-daten\/","title":{"rendered":"Technische Daten"},"content":{"rendered":"\n\n  <section id=\"\" class=\"hd-content block-hd-content pt-mobile-x pb-mobile-x st-mobile-m sb-mobile-m pt-tablet-x pb-tablet-x st-tablet-m sb-tablet-m pt-desktop-x pb-desktop-x st-desktop-x sb-desktop-s bg-none \">\n    <div class=\"container\">\n      <div class=\"row equal-no justify-content-start align-content-unset\">\n                  \n                                        <div class=\"col-12 col-lg-6 offset-0 \">\n                <div class=\"hd-content__wrap\">\n                                      \n                                              <div class=\"hd-content__paragraph hd-content__element text-grey block-st-s block-sb-s block-align-left section fadeup\">\n    <h2>Technische Daten<\/h2>\n<p>Extensu Dryback-B\u00f6den haben eine St\u00e4rke von 2,5 mm dick und haben eine 0,3 mm starke Verschlei\u00dfschicht. Dies macht die B\u00f6den mehr als geeignet f\u00fcr schwere kommerzielle Nutzung, wie Gesch\u00e4fte, Schulen, Restaurants, \u00f6ffentliche Geb\u00e4ude und Einkaufszentren.<\/p>\n<\/div>                      \n                      \n                      \n                      \n                      \n                      \n                      \n                                  <\/div>\n              <\/div>\n            \n          \n                                        <div class=\"col-12 col-lg-6 offset-0 \">\n                <div class=\"hd-content__wrap\">\n                                      \n                      \n                      \n                                              <div class=\"hd-content__btn hd-content__btn__auto block-st-s block-sb-s block-align-left\">\n    <a href=\"https:\/\/extensu.com\/wp-content\/uploads\/2023\/04\/ProductBuildupDE.jpg\" target=\"_self\" class=\"btn btn__orange btn__auto  btn__left\">Produktkonstruktion<\/a>\n<\/div>                      \n                      \n                      \n                      \n                      \n                  \n                      \n                      \n                                              <div class=\"hd-content__btn hd-content__btn__auto block-st-s block-sb-s block-align-left\">\n    <a href=\"https:\/\/extensu.com\/wp-content\/uploads\/2023\/11\/231123-Extensu-datapanel-2.pdf\" target=\"_self\" class=\"btn btn__orange btn__auto  btn__left\">Data panel<\/a>\n<\/div>                      \n                      \n                      \n                      \n                      \n                                  <\/div>\n              <\/div>\n            \n                        <\/div>\n    <\/div>\n\n  <\/section>\n\n      <div class=\"container\">\n      <div class=\"row\">\n        <div class=\"col-lg-12\">\n          <hr class=\"single-divider\">\n\n        <\/div>\n      <\/div>\n    <\/div>\n  \n\n\n\n\n  <section id=\"\" class=\"hd-content block-hd-content pt-mobile-x pb-mobile-x st-mobile-m sb-mobile-m pt-tablet-x pb-tablet-x st-tablet-m sb-tablet-m pt-desktop-x pb-desktop-x st-desktop-s sb-desktop-x bg-none \">\n    <div class=\"container\">\n      <div class=\"row equal-no justify-content-start align-content-unset\">\n                  \n                                        <div class=\"col-12 offset-0 \">\n                <div class=\"hd-content__wrap\">\n                                      \n                                              <div class=\"hd-content__paragraph hd-content__element text-grey block-st-s block-sb-s block-align-left section fadeup\">\n    <h2>Produktkonstruktion<\/h2>\n<\/div>                      \n                      \n                      \n                      \n                      \n                      \n                      \n                                  <\/div>\n              <\/div>\n            \n                        <\/div>\n    <\/div>\n\n  <\/section>\n\n  \n\n\n\n\n  <section id=\"\" class=\"hd-content block-hd-content pt-mobile-x pb-mobile-x st-mobile-m sb-mobile-m pt-tablet-x pb-tablet-x st-tablet-m sb-tablet-m pt-desktop-x pb-desktop-x st-desktop-x sb-desktop-s bg-none \">\n    <div class=\"container\">\n      <div class=\"row equal-no justify-content-start align-content-unset\">\n                  \n                                        <div class=\"col-12 col-lg-6 offset-0 \">\n                <div class=\"hd-content__wrap\">\n                                      \n                                              <div class=\"hd-content__paragraph hd-content__element text-grey block-st-s block-sb-s block-align-left section fadeup\">\n    <h4>UV-Beschichtung<\/h4>\n<p>Bietet zus\u00e4tzlichen Schutz und verleiht dem Boden eine matte Oberfl\u00e4che.<\/p>\n<h4>Nutzschicht<\/h4>\n<p>Die Nutzschicht sch\u00fctzt den Boden vor intensiver Nutzung und macht ihn besonders kratz- und fleckenresistent.<\/p>\n<\/div>                      \n                      \n                      \n                      \n                      \n                      \n                      \n                                  <\/div>\n              <\/div>\n            \n          \n                                        <div class=\"col-12 col-lg-6 offset-0 \">\n                <div class=\"hd-content__wrap\">\n                                      \n                                              <div class=\"hd-content__paragraph hd-content__element text-grey block-st-s block-sb-s block-align-left section fadeup\">\n    <h4>Filmschicht<\/h4>\n<p>Die exklusive, realistische Filmschicht reproduziert die w\u00e4rmsten, nat\u00fcrlichsten Farben und Muster.<\/p>\n<h4>Tr\u00e4germaterial<\/h4>\n<p>Sehr formstabile Unterlage aus Polypropylen. Sie ist elastisch, f\u00fchlt sich angenehm an und sorgt f\u00fcr einen angenehmen Trittschall. <\/p>\n<\/div>                      \n                      \n                      \n                      \n                      \n                      \n                      \n                                  <\/div>\n              <\/div>\n            \n                        <\/div>\n    <\/div>\n\n  <\/section>\n\n  \n\n\n\n\n  <section id=\"\" class=\"hd-content block-hd-content pt-mobile-x pb-mobile-x st-mobile-m sb-mobile-m pt-tablet-x pb-tablet-x st-tablet-m sb-tablet-m pt-desktop-x pb-desktop-x st-desktop-s sb-desktop-m bg-none \">\n    <div class=\"container\">\n      <div class=\"row equal-no justify-content-start align-content-unset\">\n                  \n                                        <div class=\"col-12 offset-0 \">\n                <div class=\"hd-content__wrap\">\n                                      \n                      \n                                              <div class=\"hd-content__image hd-content__element  block-st-s block-sb-s block-align-left\">\n            <img loading=\"lazy\" decoding=\"async\" width=\"1440\" height=\"900\" src=\"https:\/\/extensu.com\/wp-content\/uploads\/2023\/04\/ProductBuildupDE.jpg\" class=\"hd-content__image--img\" alt=\"\" srcset=\"https:\/\/extensu.com\/wp-content\/uploads\/2023\/04\/ProductBuildupDE.jpg 1440w, https:\/\/extensu.com\/wp-content\/uploads\/2023\/04\/ProductBuildupDE-300x188.jpg 300w, https:\/\/extensu.com\/wp-content\/uploads\/2023\/04\/ProductBuildupDE-1024x640.jpg 1024w, https:\/\/extensu.com\/wp-content\/uploads\/2023\/04\/ProductBuildupDE-768x480.jpg 768w, https:\/\/extensu.com\/wp-content\/uploads\/2023\/04\/ProductBuildupDE-200x125.jpg 200w, https:\/\/extensu.com\/wp-content\/uploads\/2023\/04\/ProductBuildupDE-600x375.jpg 600w\" sizes=\"auto, (max-width: 1440px) 100vw, 1440px\" \/>        <\/div>                      \n                      \n                      \n                      \n                      \n                      \n                                  <\/div>\n              <\/div>\n            \n                        <\/div>\n    <\/div>\n\n  <\/section>\n\n  \n","protected":false},"excerpt":{"rendered":"","protected":false},"author":1,"featured_media":3764,"parent":0,"menu_order":0,"comment_status":"closed","ping_status":"closed","template":"","meta":{"_acf_changed":false,"footnotes":""},"class_list":["post-4040","page","type-page","status-publish","has-post-thumbnail","hentry"],"acf":[],"yoast_head":"<!-- This site is optimized with the Yoast SEO plugin v27.4 - https:\/\/yoast.com\/product\/yoast-seo-wordpress\/ -->\n<title>Technische Daten - Extensu<\/title>\n<meta name=\"robots\" content=\"index, follow, max-snippet:-1, max-image-preview:large, max-video-preview:-1\" \/>\n<link rel=\"canonical\" href=\"https:\/\/extensu.com\/de\/technische-daten\/\" \/>\n<meta property=\"og:locale\" content=\"de_DE\" \/>\n<meta property=\"og:type\" content=\"article\" \/>\n<meta property=\"og:title\" content=\"Technische Daten - Extensu\" \/>\n<meta property=\"og:url\" content=\"https:\/\/extensu.com\/de\/technische-daten\/\" \/>\n<meta property=\"og:site_name\" content=\"Extensu\" \/>\n<meta property=\"article:modified_time\" content=\"2023-11-27T16:02:24+00:00\" \/>\n<meta property=\"og:image\" content=\"https:\/\/extensu.com\/wp-content\/uploads\/2023\/04\/HeaderAcropol22811.jpg\" \/>\n\t<meta property=\"og:image:width\" content=\"1440\" \/>\n\t<meta property=\"og:image:height\" content=\"720\" \/>\n\t<meta property=\"og:image:type\" content=\"image\/jpeg\" \/>\n<meta name=\"twitter:card\" content=\"summary_large_image\" \/>\n<script type=\"application\/ld+json\" class=\"yoast-schema-graph\">{\"@context\":\"https:\\\/\\\/schema.org\",\"@graph\":[{\"@type\":\"WebPage\",\"@id\":\"https:\\\/\\\/extensu.com\\\/de\\\/technische-daten\\\/\",\"url\":\"https:\\\/\\\/extensu.com\\\/de\\\/technische-daten\\\/\",\"name\":\"Technische Daten - Extensu\",\"isPartOf\":{\"@id\":\"https:\\\/\\\/extensu.com\\\/de\\\/#website\"},\"primaryImageOfPage\":{\"@id\":\"https:\\\/\\\/extensu.com\\\/de\\\/technische-daten\\\/#primaryimage\"},\"image\":{\"@id\":\"https:\\\/\\\/extensu.com\\\/de\\\/technische-daten\\\/#primaryimage\"},\"thumbnailUrl\":\"https:\\\/\\\/extensu.com\\\/wp-content\\\/uploads\\\/2023\\\/04\\\/HeaderAcropol22811.jpg\",\"datePublished\":\"2023-03-08T14:03:14+00:00\",\"dateModified\":\"2023-11-27T16:02:24+00:00\",\"breadcrumb\":{\"@id\":\"https:\\\/\\\/extensu.com\\\/de\\\/technische-daten\\\/#breadcrumb\"},\"inLanguage\":\"de\",\"potentialAction\":[{\"@type\":\"ReadAction\",\"target\":[\"https:\\\/\\\/extensu.com\\\/de\\\/technische-daten\\\/\"]}]},{\"@type\":\"ImageObject\",\"inLanguage\":\"de\",\"@id\":\"https:\\\/\\\/extensu.com\\\/de\\\/technische-daten\\\/#primaryimage\",\"url\":\"https:\\\/\\\/extensu.com\\\/wp-content\\\/uploads\\\/2023\\\/04\\\/HeaderAcropol22811.jpg\",\"contentUrl\":\"https:\\\/\\\/extensu.com\\\/wp-content\\\/uploads\\\/2023\\\/04\\\/HeaderAcropol22811.jpg\",\"width\":1440,\"height\":720},{\"@type\":\"BreadcrumbList\",\"@id\":\"https:\\\/\\\/extensu.com\\\/de\\\/technische-daten\\\/#breadcrumb\",\"itemListElement\":[{\"@type\":\"ListItem\",\"position\":1,\"name\":\"Extensu\",\"item\":\"https:\\\/\\\/extensu.com\\\/de\\\/\"},{\"@type\":\"ListItem\",\"position\":2,\"name\":\"Technische Daten\"}]},{\"@type\":\"WebSite\",\"@id\":\"https:\\\/\\\/extensu.com\\\/de\\\/#website\",\"url\":\"https:\\\/\\\/extensu.com\\\/de\\\/\",\"name\":\"Extensu\",\"description\":\"Verander de titel\",\"potentialAction\":[{\"@type\":\"SearchAction\",\"target\":{\"@type\":\"EntryPoint\",\"urlTemplate\":\"https:\\\/\\\/extensu.com\\\/de\\\/?s={search_term_string}\"},\"query-input\":{\"@type\":\"PropertyValueSpecification\",\"valueRequired\":true,\"valueName\":\"search_term_string\"}}],\"inLanguage\":\"de\"}]}<\/script>\n<!-- \/ Yoast SEO plugin. -->","yoast_head_json":{"title":"Technische Daten - Extensu","robots":{"index":"index","follow":"follow","max-snippet":"max-snippet:-1","max-image-preview":"max-image-preview:large","max-video-preview":"max-video-preview:-1"},"canonical":"https:\/\/extensu.com\/de\/technische-daten\/","og_locale":"de_DE","og_type":"article","og_title":"Technische Daten - Extensu","og_url":"https:\/\/extensu.com\/de\/technische-daten\/","og_site_name":"Extensu","article_modified_time":"2023-11-27T16:02:24+00:00","og_image":[{"width":1440,"height":720,"url":"https:\/\/extensu.com\/wp-content\/uploads\/2023\/04\/HeaderAcropol22811.jpg","type":"image\/jpeg"}],"twitter_card":"summary_large_image","schema":{"@context":"https:\/\/schema.org","@graph":[{"@type":"WebPage","@id":"https:\/\/extensu.com\/de\/technische-daten\/","url":"https:\/\/extensu.com\/de\/technische-daten\/","name":"Technische Daten - Extensu","isPartOf":{"@id":"https:\/\/extensu.com\/de\/#website"},"primaryImageOfPage":{"@id":"https:\/\/extensu.com\/de\/technische-daten\/#primaryimage"},"image":{"@id":"https:\/\/extensu.com\/de\/technische-daten\/#primaryimage"},"thumbnailUrl":"https:\/\/extensu.com\/wp-content\/uploads\/2023\/04\/HeaderAcropol22811.jpg","datePublished":"2023-03-08T14:03:14+00:00","dateModified":"2023-11-27T16:02:24+00:00","breadcrumb":{"@id":"https:\/\/extensu.com\/de\/technische-daten\/#breadcrumb"},"inLanguage":"de","potentialAction":[{"@type":"ReadAction","target":["https:\/\/extensu.com\/de\/technische-daten\/"]}]},{"@type":"ImageObject","inLanguage":"de","@id":"https:\/\/extensu.com\/de\/technische-daten\/#primaryimage","url":"https:\/\/extensu.com\/wp-content\/uploads\/2023\/04\/HeaderAcropol22811.jpg","contentUrl":"https:\/\/extensu.com\/wp-content\/uploads\/2023\/04\/HeaderAcropol22811.jpg","width":1440,"height":720},{"@type":"BreadcrumbList","@id":"https:\/\/extensu.com\/de\/technische-daten\/#breadcrumb","itemListElement":[{"@type":"ListItem","position":1,"name":"Extensu","item":"https:\/\/extensu.com\/de\/"},{"@type":"ListItem","position":2,"name":"Technische Daten"}]},{"@type":"WebSite","@id":"https:\/\/extensu.com\/de\/#website","url":"https:\/\/extensu.com\/de\/","name":"Extensu","description":"Verander de titel","potentialAction":[{"@type":"SearchAction","target":{"@type":"EntryPoint","urlTemplate":"https:\/\/extensu.com\/de\/?s={search_term_string}"},"query-input":{"@type":"PropertyValueSpecification","valueRequired":true,"valueName":"search_term_string"}}],"inLanguage":"de"}]}},"_links":{"self":[{"href":"https:\/\/extensu.com\/de\/wp-json\/wp\/v2\/pages\/4040","targetHints":{"allow":["GET"]}}],"collection":[{"href":"https:\/\/extensu.com\/de\/wp-json\/wp\/v2\/pages"}],"about":[{"href":"https:\/\/extensu.com\/de\/wp-json\/wp\/v2\/types\/page"}],"author":[{"embeddable":true,"href":"https:\/\/extensu.com\/de\/wp-json\/wp\/v2\/users\/1"}],"replies":[{"embeddable":true,"href":"https:\/\/extensu.com\/de\/wp-json\/wp\/v2\/comments?post=4040"}],"version-history":[{"count":0,"href":"https:\/\/extensu.com\/de\/wp-json\/wp\/v2\/pages\/4040\/revisions"}],"wp:featuredmedia":[{"embeddable":true,"href":"https:\/\/extensu.com\/de\/wp-json\/wp\/v2\/media\/3764"}],"wp:attachment":[{"href":"https:\/\/extensu.com\/de\/wp-json\/wp\/v2\/media?parent=4040"}],"curies":[{"name":"wp","href":"https:\/\/api.w.org\/{rel}","templated":true}]}}