{"id":3212,"date":"2023-04-07T10:12:07","date_gmt":"2023-04-07T08:12:07","guid":{"rendered":"https:\/\/extensu.com\/collection\/unkategorisiert\/20793\/"},"modified":"2023-04-07T14:50:24","modified_gmt":"2023-04-07T12:50:24","slug":"20793","status":"publish","type":"product","link":"https:\/\/extensu.com\/de\/kollektion\/okavan\/20793\/","title":{"rendered":"20793"},"content":{"rendered":"<p>Extensu Okavan ist Teil unserer NATUR-Kollektionen. Sie ist inspiriert von der wundersch\u00f6nen und \u00fcppigen Natur des Okavango-Deltas in Botswana, einem UNESCO-Weltnaturerbe. Es bietet ein freundliches Eichendesign in 5 ansprechenden Farben.  <\/p>\n<p>Unsere NATUR-Kollektionen mit naturgetreuen Holzdesigns sind von nat\u00fcrlichen Welterbest\u00e4tten inspiriert. Das unber\u00fchrte, nat\u00fcrliche Aussehen der sch\u00f6nsten Farben der Natur wird in diesen St\u00e4tten eingefangen und gesch\u00fctzt. Die sch\u00f6nen Texturen und Farben, die die Natur in all ihren Formen zu bieten hat, wie die Struktur und Farbe von Fl\u00fcssen, Sandd\u00fcnen, vulkanischen B\u00f6den, Form und Farbverl\u00e4ufe verschiedener Pflanzen und B\u00e4ume.  <\/p>\n","protected":false},"excerpt":{"rendered":"<p>Extensu Okavan ist Teil unserer NATUR-Kollektionen. Sie ist inspiriert von der wundersch\u00f6nen und \u00fcppigen Natur des Okavango-Deltas in Botswana, einem UNESCO-Weltnaturerbe. Es bietet ein freundliches Eichendesign in 5 ansprechenden Farben. Unsere NATUR-Kollektionen mit naturgetreuen Holzdesigns sind von nat\u00fcrlichen Welterbest\u00e4tten inspiriert. Das unber\u00fchrte, nat\u00fcrliche Aussehen der sch\u00f6nsten Farben der Natur wird in diesen St\u00e4tten eingefangen und [&hellip;]<\/p>\n","protected":false},"featured_media":3014,"comment_status":"closed","ping_status":"closed","template":"","meta":{"_acf_changed":false},"product_brand":[],"product_cat":[76],"product_tag":[],"class_list":{"0":"post-3212","1":"product","2":"type-product","3":"status-publish","4":"has-post-thumbnail","6":"product_cat-okavan","8":"first","9":"instock","10":"shipping-taxable","11":"product-type-simple"},"acf":[],"yoast_head":"<!-- This site is optimized with the Yoast SEO plugin v27.3 - https:\/\/yoast.com\/product\/yoast-seo-wordpress\/ -->\n<title>20793 - Extensu<\/title>\n<meta name=\"description\" content=\"Extensu Okavan ist Teil unserer NATUR-Kollektionen. Sie ist inspiriert von der wundersch\u00f6nen und \u00fcppigen Natur des Okavango-Deltas in Botswana, einem UNESCO-Weltnaturerbe. Es bietet ein freundliches Eichendesign in 5 ansprechenden Farben.\" \/>\n<meta name=\"robots\" content=\"index, follow, max-snippet:-1, max-image-preview:large, max-video-preview:-1\" \/>\n<link rel=\"canonical\" href=\"https:\/\/extensu.com\/de\/kollektion\/okavan\/20793\/\" \/>\n<meta property=\"og:locale\" content=\"de_DE\" \/>\n<meta property=\"og:type\" content=\"article\" \/>\n<meta property=\"og:title\" content=\"20793 - Extensu\" \/>\n<meta property=\"og:description\" content=\"Extensu Okavan ist Teil unserer NATUR-Kollektionen. Sie ist inspiriert von der wundersch\u00f6nen und \u00fcppigen Natur des Okavango-Deltas in Botswana, einem UNESCO-Weltnaturerbe. Es bietet ein freundliches Eichendesign in 5 ansprechenden Farben.\" \/>\n<meta property=\"og:url\" content=\"https:\/\/extensu.com\/de\/kollektion\/okavan\/20793\/\" \/>\n<meta property=\"og:site_name\" content=\"Extensu\" \/>\n<meta property=\"article:modified_time\" content=\"2023-04-07T12:50:24+00:00\" \/>\n<meta property=\"og:image\" content=\"https:\/\/extensu.com\/wp-content\/uploads\/2023\/04\/Extensu-Okavan-20793-Single-plank.jpg\" \/>\n\t<meta property=\"og:image:width\" content=\"720\" \/>\n\t<meta property=\"og:image:height\" content=\"720\" \/>\n\t<meta property=\"og:image:type\" content=\"image\/jpeg\" \/>\n<meta name=\"twitter:card\" content=\"summary_large_image\" \/>\n<meta name=\"twitter:label1\" content=\"Gesch\u00e4tzte Lesezeit\" \/>\n\t<meta name=\"twitter:data1\" content=\"1\u00a0Minute\" \/>\n<script type=\"application\/ld+json\" class=\"yoast-schema-graph\">{\"@context\":\"https:\\\/\\\/schema.org\",\"@graph\":[{\"@type\":\"WebPage\",\"@id\":\"https:\\\/\\\/extensu.com\\\/de\\\/kollektion\\\/okavan\\\/20793\\\/\",\"url\":\"https:\\\/\\\/extensu.com\\\/de\\\/kollektion\\\/okavan\\\/20793\\\/\",\"name\":\"20793 - Extensu\",\"isPartOf\":{\"@id\":\"https:\\\/\\\/extensu.com\\\/de\\\/#website\"},\"primaryImageOfPage\":{\"@id\":\"https:\\\/\\\/extensu.com\\\/de\\\/kollektion\\\/okavan\\\/20793\\\/#primaryimage\"},\"image\":{\"@id\":\"https:\\\/\\\/extensu.com\\\/de\\\/kollektion\\\/okavan\\\/20793\\\/#primaryimage\"},\"thumbnailUrl\":\"https:\\\/\\\/extensu.com\\\/wp-content\\\/uploads\\\/2023\\\/04\\\/Extensu-Okavan-20793-Single-plank.jpg\",\"datePublished\":\"2023-04-07T08:12:07+00:00\",\"dateModified\":\"2023-04-07T12:50:24+00:00\",\"description\":\"Extensu Okavan ist Teil unserer NATUR-Kollektionen. Sie ist inspiriert von der wundersch\u00f6nen und \u00fcppigen Natur des Okavango-Deltas in Botswana, einem UNESCO-Weltnaturerbe. Es bietet ein freundliches Eichendesign in 5 ansprechenden Farben.\",\"breadcrumb\":{\"@id\":\"https:\\\/\\\/extensu.com\\\/de\\\/kollektion\\\/okavan\\\/20793\\\/#breadcrumb\"},\"inLanguage\":\"de\",\"potentialAction\":[{\"@type\":\"ReadAction\",\"target\":[\"https:\\\/\\\/extensu.com\\\/de\\\/kollektion\\\/okavan\\\/20793\\\/\"]}]},{\"@type\":\"ImageObject\",\"inLanguage\":\"de\",\"@id\":\"https:\\\/\\\/extensu.com\\\/de\\\/kollektion\\\/okavan\\\/20793\\\/#primaryimage\",\"url\":\"https:\\\/\\\/extensu.com\\\/wp-content\\\/uploads\\\/2023\\\/04\\\/Extensu-Okavan-20793-Single-plank.jpg\",\"contentUrl\":\"https:\\\/\\\/extensu.com\\\/wp-content\\\/uploads\\\/2023\\\/04\\\/Extensu-Okavan-20793-Single-plank.jpg\",\"width\":720,\"height\":720},{\"@type\":\"BreadcrumbList\",\"@id\":\"https:\\\/\\\/extensu.com\\\/de\\\/kollektion\\\/okavan\\\/20793\\\/#breadcrumb\",\"itemListElement\":[{\"@type\":\"ListItem\",\"position\":1,\"name\":\"Extensu\",\"item\":\"https:\\\/\\\/extensu.com\\\/de\\\/\"},{\"@type\":\"ListItem\",\"position\":2,\"name\":\"Kollektion\",\"item\":\"https:\\\/\\\/extensu.com\\\/de\\\/kollektion\\\/\"},{\"@type\":\"ListItem\",\"position\":3,\"name\":\"Okavan\",\"item\":\"https:\\\/\\\/extensu.com\\\/de\\\/produkt-kategorie\\\/okavan\\\/\"},{\"@type\":\"ListItem\",\"position\":4,\"name\":\"20793\"}]},{\"@type\":\"WebSite\",\"@id\":\"https:\\\/\\\/extensu.com\\\/de\\\/#website\",\"url\":\"https:\\\/\\\/extensu.com\\\/de\\\/\",\"name\":\"Extensu\",\"description\":\"Verander de titel\",\"potentialAction\":[{\"@type\":\"SearchAction\",\"target\":{\"@type\":\"EntryPoint\",\"urlTemplate\":\"https:\\\/\\\/extensu.com\\\/de\\\/?s={search_term_string}\"},\"query-input\":{\"@type\":\"PropertyValueSpecification\",\"valueRequired\":true,\"valueName\":\"search_term_string\"}}],\"inLanguage\":\"de\"}]}<\/script>\n<!-- \/ Yoast SEO plugin. -->","yoast_head_json":{"title":"20793 - Extensu","description":"Extensu Okavan ist Teil unserer NATUR-Kollektionen. Sie ist inspiriert von der wundersch\u00f6nen und \u00fcppigen Natur des Okavango-Deltas in Botswana, einem UNESCO-Weltnaturerbe. Es bietet ein freundliches Eichendesign in 5 ansprechenden Farben.","robots":{"index":"index","follow":"follow","max-snippet":"max-snippet:-1","max-image-preview":"max-image-preview:large","max-video-preview":"max-video-preview:-1"},"canonical":"https:\/\/extensu.com\/de\/kollektion\/okavan\/20793\/","og_locale":"de_DE","og_type":"article","og_title":"20793 - Extensu","og_description":"Extensu Okavan ist Teil unserer NATUR-Kollektionen. Sie ist inspiriert von der wundersch\u00f6nen und \u00fcppigen Natur des Okavango-Deltas in Botswana, einem UNESCO-Weltnaturerbe. Es bietet ein freundliches Eichendesign in 5 ansprechenden Farben.","og_url":"https:\/\/extensu.com\/de\/kollektion\/okavan\/20793\/","og_site_name":"Extensu","article_modified_time":"2023-04-07T12:50:24+00:00","og_image":[{"width":720,"height":720,"url":"https:\/\/extensu.com\/wp-content\/uploads\/2023\/04\/Extensu-Okavan-20793-Single-plank.jpg","type":"image\/jpeg"}],"twitter_card":"summary_large_image","twitter_misc":{"Gesch\u00e4tzte Lesezeit":"1\u00a0Minute"},"schema":{"@context":"https:\/\/schema.org","@graph":[{"@type":"WebPage","@id":"https:\/\/extensu.com\/de\/kollektion\/okavan\/20793\/","url":"https:\/\/extensu.com\/de\/kollektion\/okavan\/20793\/","name":"20793 - Extensu","isPartOf":{"@id":"https:\/\/extensu.com\/de\/#website"},"primaryImageOfPage":{"@id":"https:\/\/extensu.com\/de\/kollektion\/okavan\/20793\/#primaryimage"},"image":{"@id":"https:\/\/extensu.com\/de\/kollektion\/okavan\/20793\/#primaryimage"},"thumbnailUrl":"https:\/\/extensu.com\/wp-content\/uploads\/2023\/04\/Extensu-Okavan-20793-Single-plank.jpg","datePublished":"2023-04-07T08:12:07+00:00","dateModified":"2023-04-07T12:50:24+00:00","description":"Extensu Okavan ist Teil unserer NATUR-Kollektionen. Sie ist inspiriert von der wundersch\u00f6nen und \u00fcppigen Natur des Okavango-Deltas in Botswana, einem UNESCO-Weltnaturerbe. Es bietet ein freundliches Eichendesign in 5 ansprechenden Farben.","breadcrumb":{"@id":"https:\/\/extensu.com\/de\/kollektion\/okavan\/20793\/#breadcrumb"},"inLanguage":"de","potentialAction":[{"@type":"ReadAction","target":["https:\/\/extensu.com\/de\/kollektion\/okavan\/20793\/"]}]},{"@type":"ImageObject","inLanguage":"de","@id":"https:\/\/extensu.com\/de\/kollektion\/okavan\/20793\/#primaryimage","url":"https:\/\/extensu.com\/wp-content\/uploads\/2023\/04\/Extensu-Okavan-20793-Single-plank.jpg","contentUrl":"https:\/\/extensu.com\/wp-content\/uploads\/2023\/04\/Extensu-Okavan-20793-Single-plank.jpg","width":720,"height":720},{"@type":"BreadcrumbList","@id":"https:\/\/extensu.com\/de\/kollektion\/okavan\/20793\/#breadcrumb","itemListElement":[{"@type":"ListItem","position":1,"name":"Extensu","item":"https:\/\/extensu.com\/de\/"},{"@type":"ListItem","position":2,"name":"Kollektion","item":"https:\/\/extensu.com\/de\/kollektion\/"},{"@type":"ListItem","position":3,"name":"Okavan","item":"https:\/\/extensu.com\/de\/produkt-kategorie\/okavan\/"},{"@type":"ListItem","position":4,"name":"20793"}]},{"@type":"WebSite","@id":"https:\/\/extensu.com\/de\/#website","url":"https:\/\/extensu.com\/de\/","name":"Extensu","description":"Verander de titel","potentialAction":[{"@type":"SearchAction","target":{"@type":"EntryPoint","urlTemplate":"https:\/\/extensu.com\/de\/?s={search_term_string}"},"query-input":{"@type":"PropertyValueSpecification","valueRequired":true,"valueName":"search_term_string"}}],"inLanguage":"de"}]}},"_links":{"self":[{"href":"https:\/\/extensu.com\/de\/wp-json\/wp\/v2\/product\/3212","targetHints":{"allow":["GET"]}}],"collection":[{"href":"https:\/\/extensu.com\/de\/wp-json\/wp\/v2\/product"}],"about":[{"href":"https:\/\/extensu.com\/de\/wp-json\/wp\/v2\/types\/product"}],"replies":[{"embeddable":true,"href":"https:\/\/extensu.com\/de\/wp-json\/wp\/v2\/comments?post=3212"}],"wp:featuredmedia":[{"embeddable":true,"href":"https:\/\/extensu.com\/de\/wp-json\/wp\/v2\/media\/3014"}],"wp:attachment":[{"href":"https:\/\/extensu.com\/de\/wp-json\/wp\/v2\/media?parent=3212"}],"wp:term":[{"taxonomy":"product_brand","embeddable":true,"href":"https:\/\/extensu.com\/de\/wp-json\/wp\/v2\/product_brand?post=3212"},{"taxonomy":"product_cat","embeddable":true,"href":"https:\/\/extensu.com\/de\/wp-json\/wp\/v2\/product_cat?post=3212"},{"taxonomy":"product_tag","embeddable":true,"href":"https:\/\/extensu.com\/de\/wp-json\/wp\/v2\/product_tag?post=3212"}],"curies":[{"name":"wp","href":"https:\/\/api.w.org\/{rel}","templated":true}]}}