{"id":3220,"date":"2023-04-07T10:19:45","date_gmt":"2023-04-07T08:19:45","guid":{"rendered":"https:\/\/extensu.com\/collection\/unkategorisiert\/21802\/"},"modified":"2023-04-07T15:12:34","modified_gmt":"2023-04-07T13:12:34","slug":"21802","status":"publish","type":"product","link":"https:\/\/extensu.com\/de\/kollektion\/serengi\/21802\/","title":{"rendered":"21802"},"content":{"rendered":"<p>Extensu Serengi ist Teil unserer NATUR-Kollektionen. Es ist den weiten Ebenen des ber\u00fchmten Serengeti-Nationalparks in Tansania nachempfunden, einem Unesco-Weltnaturerbe. Das kr\u00e4ftige Piniendesign ist in 5 wundersch\u00f6nen, nat\u00fcrlichen Farben erh\u00e4ltlich.  <\/p>\n<p>Unsere NATUR-Kollektionen mit naturgetreuen Holzdesigns sind von nat\u00fcrlichen Welterbest\u00e4tten inspiriert. Das unber\u00fchrte, nat\u00fcrliche Aussehen der sch\u00f6nsten Farben der Natur wird in diesen St\u00e4tten eingefangen und gesch\u00fctzt. Die sch\u00f6nen Texturen und Farben, die die Natur in all ihren Formen zu bieten hat, wie die Struktur und Farbe von Fl\u00fcssen, Sandd\u00fcnen, vulkanischen B\u00f6den, Form und Farbverl\u00e4ufe verschiedener Pflanzen und B\u00e4ume.  <\/p>\n","protected":false},"excerpt":{"rendered":"<p>Extensu Serengi ist Teil unserer NATUR-Kollektionen. Es ist den weiten Ebenen des ber\u00fchmten Serengeti-Nationalparks in Tansania nachempfunden, einem Unesco-Weltnaturerbe. Das kr\u00e4ftige Piniendesign ist in 5 wundersch\u00f6nen, nat\u00fcrlichen Farben erh\u00e4ltlich. Unsere NATUR-Kollektionen mit naturgetreuen Holzdesigns sind von nat\u00fcrlichen Welterbest\u00e4tten inspiriert. Das unber\u00fchrte, nat\u00fcrliche Aussehen der sch\u00f6nsten Farben der Natur wird in diesen St\u00e4tten eingefangen und gesch\u00fctzt. [&hellip;]<\/p>\n","protected":false},"featured_media":3050,"comment_status":"closed","ping_status":"closed","template":"","meta":{"_acf_changed":false},"product_brand":[],"product_cat":[77],"product_tag":[],"class_list":{"0":"post-3220","1":"product","2":"type-product","3":"status-publish","4":"has-post-thumbnail","6":"product_cat-serengi","8":"first","9":"instock","10":"shipping-taxable","11":"product-type-simple"},"acf":[],"yoast_head":"<!-- This site is optimized with the Yoast SEO plugin v27.4 - https:\/\/yoast.com\/product\/yoast-seo-wordpress\/ -->\n<title>21802 - Extensu<\/title>\n<meta name=\"description\" content=\"Extensu Serengi ist Teil unserer NATUR-Kollektionen. Es ist den weiten Ebenen des ber\u00fchmten Serengeti-Nationalparks in Tansania nachempfunden, einem Unesco-Weltnaturerbe. Das kr\u00e4ftige Piniendesign ist in 5 wundersch\u00f6nen, nat\u00fcrlichen Farben erh\u00e4ltlich.\" \/>\n<meta name=\"robots\" content=\"index, follow, max-snippet:-1, max-image-preview:large, max-video-preview:-1\" \/>\n<link rel=\"canonical\" href=\"https:\/\/extensu.com\/de\/kollektion\/serengi\/21802\/\" \/>\n<meta property=\"og:locale\" content=\"de_DE\" \/>\n<meta property=\"og:type\" content=\"article\" \/>\n<meta property=\"og:title\" content=\"21802 - Extensu\" \/>\n<meta property=\"og:description\" content=\"Extensu Serengi ist Teil unserer NATUR-Kollektionen. Es ist den weiten Ebenen des ber\u00fchmten Serengeti-Nationalparks in Tansania nachempfunden, einem Unesco-Weltnaturerbe. Das kr\u00e4ftige Piniendesign ist in 5 wundersch\u00f6nen, nat\u00fcrlichen Farben erh\u00e4ltlich.\" \/>\n<meta property=\"og:url\" content=\"https:\/\/extensu.com\/de\/kollektion\/serengi\/21802\/\" \/>\n<meta property=\"og:site_name\" content=\"Extensu\" \/>\n<meta property=\"article:modified_time\" content=\"2023-04-07T13:12:34+00:00\" \/>\n<meta property=\"og:image\" content=\"https:\/\/extensu.com\/wp-content\/uploads\/2023\/04\/Extensu-Serengi-21802-Single-plank.jpg\" \/>\n\t<meta property=\"og:image:width\" content=\"720\" \/>\n\t<meta property=\"og:image:height\" content=\"720\" \/>\n\t<meta property=\"og:image:type\" content=\"image\/jpeg\" \/>\n<meta name=\"twitter:card\" content=\"summary_large_image\" \/>\n<meta name=\"twitter:label1\" content=\"Gesch\u00e4tzte Lesezeit\" \/>\n\t<meta name=\"twitter:data1\" content=\"1\u00a0Minute\" \/>\n<script type=\"application\/ld+json\" class=\"yoast-schema-graph\">{\"@context\":\"https:\\\/\\\/schema.org\",\"@graph\":[{\"@type\":\"WebPage\",\"@id\":\"https:\\\/\\\/extensu.com\\\/de\\\/kollektion\\\/serengi\\\/21802\\\/\",\"url\":\"https:\\\/\\\/extensu.com\\\/de\\\/kollektion\\\/serengi\\\/21802\\\/\",\"name\":\"21802 - Extensu\",\"isPartOf\":{\"@id\":\"https:\\\/\\\/extensu.com\\\/de\\\/#website\"},\"primaryImageOfPage\":{\"@id\":\"https:\\\/\\\/extensu.com\\\/de\\\/kollektion\\\/serengi\\\/21802\\\/#primaryimage\"},\"image\":{\"@id\":\"https:\\\/\\\/extensu.com\\\/de\\\/kollektion\\\/serengi\\\/21802\\\/#primaryimage\"},\"thumbnailUrl\":\"https:\\\/\\\/extensu.com\\\/wp-content\\\/uploads\\\/2023\\\/04\\\/Extensu-Serengi-21802-Single-plank.jpg\",\"datePublished\":\"2023-04-07T08:19:45+00:00\",\"dateModified\":\"2023-04-07T13:12:34+00:00\",\"description\":\"Extensu Serengi ist Teil unserer NATUR-Kollektionen. Es ist den weiten Ebenen des ber\u00fchmten Serengeti-Nationalparks in Tansania nachempfunden, einem Unesco-Weltnaturerbe. Das kr\u00e4ftige Piniendesign ist in 5 wundersch\u00f6nen, nat\u00fcrlichen Farben erh\u00e4ltlich.\",\"breadcrumb\":{\"@id\":\"https:\\\/\\\/extensu.com\\\/de\\\/kollektion\\\/serengi\\\/21802\\\/#breadcrumb\"},\"inLanguage\":\"de\",\"potentialAction\":[{\"@type\":\"ReadAction\",\"target\":[\"https:\\\/\\\/extensu.com\\\/de\\\/kollektion\\\/serengi\\\/21802\\\/\"]}]},{\"@type\":\"ImageObject\",\"inLanguage\":\"de\",\"@id\":\"https:\\\/\\\/extensu.com\\\/de\\\/kollektion\\\/serengi\\\/21802\\\/#primaryimage\",\"url\":\"https:\\\/\\\/extensu.com\\\/wp-content\\\/uploads\\\/2023\\\/04\\\/Extensu-Serengi-21802-Single-plank.jpg\",\"contentUrl\":\"https:\\\/\\\/extensu.com\\\/wp-content\\\/uploads\\\/2023\\\/04\\\/Extensu-Serengi-21802-Single-plank.jpg\",\"width\":720,\"height\":720},{\"@type\":\"BreadcrumbList\",\"@id\":\"https:\\\/\\\/extensu.com\\\/de\\\/kollektion\\\/serengi\\\/21802\\\/#breadcrumb\",\"itemListElement\":[{\"@type\":\"ListItem\",\"position\":1,\"name\":\"Extensu\",\"item\":\"https:\\\/\\\/extensu.com\\\/de\\\/\"},{\"@type\":\"ListItem\",\"position\":2,\"name\":\"Kollektion\",\"item\":\"https:\\\/\\\/extensu.com\\\/de\\\/kollektion\\\/\"},{\"@type\":\"ListItem\",\"position\":3,\"name\":\"Serengi\",\"item\":\"https:\\\/\\\/extensu.com\\\/de\\\/produkt-kategorie\\\/serengi\\\/\"},{\"@type\":\"ListItem\",\"position\":4,\"name\":\"21802\"}]},{\"@type\":\"WebSite\",\"@id\":\"https:\\\/\\\/extensu.com\\\/de\\\/#website\",\"url\":\"https:\\\/\\\/extensu.com\\\/de\\\/\",\"name\":\"Extensu\",\"description\":\"Verander de titel\",\"potentialAction\":[{\"@type\":\"SearchAction\",\"target\":{\"@type\":\"EntryPoint\",\"urlTemplate\":\"https:\\\/\\\/extensu.com\\\/de\\\/?s={search_term_string}\"},\"query-input\":{\"@type\":\"PropertyValueSpecification\",\"valueRequired\":true,\"valueName\":\"search_term_string\"}}],\"inLanguage\":\"de\"}]}<\/script>\n<!-- \/ Yoast SEO plugin. -->","yoast_head_json":{"title":"21802 - Extensu","description":"Extensu Serengi ist Teil unserer NATUR-Kollektionen. Es ist den weiten Ebenen des ber\u00fchmten Serengeti-Nationalparks in Tansania nachempfunden, einem Unesco-Weltnaturerbe. Das kr\u00e4ftige Piniendesign ist in 5 wundersch\u00f6nen, nat\u00fcrlichen Farben erh\u00e4ltlich.","robots":{"index":"index","follow":"follow","max-snippet":"max-snippet:-1","max-image-preview":"max-image-preview:large","max-video-preview":"max-video-preview:-1"},"canonical":"https:\/\/extensu.com\/de\/kollektion\/serengi\/21802\/","og_locale":"de_DE","og_type":"article","og_title":"21802 - Extensu","og_description":"Extensu Serengi ist Teil unserer NATUR-Kollektionen. Es ist den weiten Ebenen des ber\u00fchmten Serengeti-Nationalparks in Tansania nachempfunden, einem Unesco-Weltnaturerbe. Das kr\u00e4ftige Piniendesign ist in 5 wundersch\u00f6nen, nat\u00fcrlichen Farben erh\u00e4ltlich.","og_url":"https:\/\/extensu.com\/de\/kollektion\/serengi\/21802\/","og_site_name":"Extensu","article_modified_time":"2023-04-07T13:12:34+00:00","og_image":[{"width":720,"height":720,"url":"https:\/\/extensu.com\/wp-content\/uploads\/2023\/04\/Extensu-Serengi-21802-Single-plank.jpg","type":"image\/jpeg"}],"twitter_card":"summary_large_image","twitter_misc":{"Gesch\u00e4tzte Lesezeit":"1\u00a0Minute"},"schema":{"@context":"https:\/\/schema.org","@graph":[{"@type":"WebPage","@id":"https:\/\/extensu.com\/de\/kollektion\/serengi\/21802\/","url":"https:\/\/extensu.com\/de\/kollektion\/serengi\/21802\/","name":"21802 - Extensu","isPartOf":{"@id":"https:\/\/extensu.com\/de\/#website"},"primaryImageOfPage":{"@id":"https:\/\/extensu.com\/de\/kollektion\/serengi\/21802\/#primaryimage"},"image":{"@id":"https:\/\/extensu.com\/de\/kollektion\/serengi\/21802\/#primaryimage"},"thumbnailUrl":"https:\/\/extensu.com\/wp-content\/uploads\/2023\/04\/Extensu-Serengi-21802-Single-plank.jpg","datePublished":"2023-04-07T08:19:45+00:00","dateModified":"2023-04-07T13:12:34+00:00","description":"Extensu Serengi ist Teil unserer NATUR-Kollektionen. Es ist den weiten Ebenen des ber\u00fchmten Serengeti-Nationalparks in Tansania nachempfunden, einem Unesco-Weltnaturerbe. Das kr\u00e4ftige Piniendesign ist in 5 wundersch\u00f6nen, nat\u00fcrlichen Farben erh\u00e4ltlich.","breadcrumb":{"@id":"https:\/\/extensu.com\/de\/kollektion\/serengi\/21802\/#breadcrumb"},"inLanguage":"de","potentialAction":[{"@type":"ReadAction","target":["https:\/\/extensu.com\/de\/kollektion\/serengi\/21802\/"]}]},{"@type":"ImageObject","inLanguage":"de","@id":"https:\/\/extensu.com\/de\/kollektion\/serengi\/21802\/#primaryimage","url":"https:\/\/extensu.com\/wp-content\/uploads\/2023\/04\/Extensu-Serengi-21802-Single-plank.jpg","contentUrl":"https:\/\/extensu.com\/wp-content\/uploads\/2023\/04\/Extensu-Serengi-21802-Single-plank.jpg","width":720,"height":720},{"@type":"BreadcrumbList","@id":"https:\/\/extensu.com\/de\/kollektion\/serengi\/21802\/#breadcrumb","itemListElement":[{"@type":"ListItem","position":1,"name":"Extensu","item":"https:\/\/extensu.com\/de\/"},{"@type":"ListItem","position":2,"name":"Kollektion","item":"https:\/\/extensu.com\/de\/kollektion\/"},{"@type":"ListItem","position":3,"name":"Serengi","item":"https:\/\/extensu.com\/de\/produkt-kategorie\/serengi\/"},{"@type":"ListItem","position":4,"name":"21802"}]},{"@type":"WebSite","@id":"https:\/\/extensu.com\/de\/#website","url":"https:\/\/extensu.com\/de\/","name":"Extensu","description":"Verander de titel","potentialAction":[{"@type":"SearchAction","target":{"@type":"EntryPoint","urlTemplate":"https:\/\/extensu.com\/de\/?s={search_term_string}"},"query-input":{"@type":"PropertyValueSpecification","valueRequired":true,"valueName":"search_term_string"}}],"inLanguage":"de"}]}},"_links":{"self":[{"href":"https:\/\/extensu.com\/de\/wp-json\/wp\/v2\/product\/3220","targetHints":{"allow":["GET"]}}],"collection":[{"href":"https:\/\/extensu.com\/de\/wp-json\/wp\/v2\/product"}],"about":[{"href":"https:\/\/extensu.com\/de\/wp-json\/wp\/v2\/types\/product"}],"replies":[{"embeddable":true,"href":"https:\/\/extensu.com\/de\/wp-json\/wp\/v2\/comments?post=3220"}],"wp:featuredmedia":[{"embeddable":true,"href":"https:\/\/extensu.com\/de\/wp-json\/wp\/v2\/media\/3050"}],"wp:attachment":[{"href":"https:\/\/extensu.com\/de\/wp-json\/wp\/v2\/media?parent=3220"}],"wp:term":[{"taxonomy":"product_brand","embeddable":true,"href":"https:\/\/extensu.com\/de\/wp-json\/wp\/v2\/product_brand?post=3220"},{"taxonomy":"product_cat","embeddable":true,"href":"https:\/\/extensu.com\/de\/wp-json\/wp\/v2\/product_cat?post=3220"},{"taxonomy":"product_tag","embeddable":true,"href":"https:\/\/extensu.com\/de\/wp-json\/wp\/v2\/product_tag?post=3220"}],"curies":[{"name":"wp","href":"https:\/\/api.w.org\/{rel}","templated":true}]}}