{"id":3232,"date":"2023-04-07T10:36:41","date_gmt":"2023-04-07T08:36:41","guid":{"rendered":"https:\/\/extensu.com\/collection\/unkategorisiert\/22813\/"},"modified":"2023-04-07T15:19:37","modified_gmt":"2023-04-07T13:19:37","slug":"22813","status":"publish","type":"product","link":"https:\/\/extensu.com\/de\/kollektion\/acropol\/22813\/","title":{"rendered":"22813"},"content":{"rendered":"<p>Extensu Acropol ist Teil unserer KULTUR-Kollektionen. Die Fliesenkollektion Acropol ist von der antiken griechischen Tempelanlage der Akropolis in Athen abgeleitet, die zum UNESCO-Weltkulturerbe geh\u00f6rt. Diese Fliesenkollektion hat ein sch\u00f6nes Steindesign in 4 modernen Farben.  <\/p>\n<p>Unsere KULTUR-Kollektion bietet ein wundersch\u00f6nes Steindesign, das sich an historischen, kulturellen Welterbest\u00e4tten orientiert. Die feinen, soliden und antiken Materialien, die zur Schaffung dieser beeindruckenden Strukturen verwendet wurden, die ewig halten und viel Geschichte enthalten, bieten eine breite Inspirationsquelle f\u00fcr unsere Steinfliesenserien. <\/p>\n","protected":false},"excerpt":{"rendered":"<p>Extensu Acropol ist Teil unserer KULTUR-Kollektionen. Die Fliesenkollektion Acropol ist von der antiken griechischen Tempelanlage der Akropolis in Athen abgeleitet, die zum UNESCO-Weltkulturerbe geh\u00f6rt. Diese Fliesenkollektion hat ein sch\u00f6nes Steindesign in 4 modernen Farben. Unsere KULTUR-Kollektion bietet ein wundersch\u00f6nes Steindesign, das sich an historischen, kulturellen Welterbest\u00e4tten orientiert. Die feinen, soliden und antiken Materialien, die zur [&hellip;]<\/p>\n","protected":false},"featured_media":3104,"comment_status":"closed","ping_status":"closed","template":"","meta":{"_acf_changed":false},"product_brand":[],"product_cat":[74],"product_tag":[],"class_list":{"0":"post-3232","1":"product","2":"type-product","3":"status-publish","4":"has-post-thumbnail","6":"product_cat-acropol","8":"first","9":"instock","10":"shipping-taxable","11":"product-type-simple"},"acf":[],"yoast_head":"<!-- This site is optimized with the Yoast SEO plugin v27.3 - https:\/\/yoast.com\/product\/yoast-seo-wordpress\/ -->\n<title>22813 - Extensu<\/title>\n<meta name=\"description\" content=\"Extensu Acropol ist Teil unserer KULTUR-Kollektionen. Die Fliesenkollektion Acropol ist von der antiken griechischen Tempelanlage der Akropolis in Athen abgeleitet, die zum UNESCO-Weltkulturerbe geh\u00f6rt. Diese Fliesenkollektion hat ein sch\u00f6nes Steindesign in 4 modernen Farben.\" \/>\n<meta name=\"robots\" content=\"index, follow, max-snippet:-1, max-image-preview:large, max-video-preview:-1\" \/>\n<link rel=\"canonical\" href=\"https:\/\/extensu.com\/de\/kollektion\/acropol\/22813\/\" \/>\n<meta property=\"og:locale\" content=\"de_DE\" \/>\n<meta property=\"og:type\" content=\"article\" \/>\n<meta property=\"og:title\" content=\"22813 - Extensu\" \/>\n<meta property=\"og:description\" content=\"Extensu Acropol ist Teil unserer KULTUR-Kollektionen. Die Fliesenkollektion Acropol ist von der antiken griechischen Tempelanlage der Akropolis in Athen abgeleitet, die zum UNESCO-Weltkulturerbe geh\u00f6rt. Diese Fliesenkollektion hat ein sch\u00f6nes Steindesign in 4 modernen Farben.\" \/>\n<meta property=\"og:url\" content=\"https:\/\/extensu.com\/de\/kollektion\/acropol\/22813\/\" \/>\n<meta property=\"og:site_name\" content=\"Extensu\" \/>\n<meta property=\"article:modified_time\" content=\"2023-04-07T13:19:37+00:00\" \/>\n<meta property=\"og:image\" content=\"https:\/\/extensu.com\/wp-content\/uploads\/2023\/04\/Extensu-Acropol-22813-Single-plank.jpg\" \/>\n\t<meta property=\"og:image:width\" content=\"720\" \/>\n\t<meta property=\"og:image:height\" content=\"720\" \/>\n\t<meta property=\"og:image:type\" content=\"image\/jpeg\" \/>\n<meta name=\"twitter:card\" content=\"summary_large_image\" \/>\n<script type=\"application\/ld+json\" class=\"yoast-schema-graph\">{\"@context\":\"https:\\\/\\\/schema.org\",\"@graph\":[{\"@type\":\"WebPage\",\"@id\":\"https:\\\/\\\/extensu.com\\\/de\\\/kollektion\\\/acropol\\\/22813\\\/\",\"url\":\"https:\\\/\\\/extensu.com\\\/de\\\/kollektion\\\/acropol\\\/22813\\\/\",\"name\":\"22813 - Extensu\",\"isPartOf\":{\"@id\":\"https:\\\/\\\/extensu.com\\\/de\\\/#website\"},\"primaryImageOfPage\":{\"@id\":\"https:\\\/\\\/extensu.com\\\/de\\\/kollektion\\\/acropol\\\/22813\\\/#primaryimage\"},\"image\":{\"@id\":\"https:\\\/\\\/extensu.com\\\/de\\\/kollektion\\\/acropol\\\/22813\\\/#primaryimage\"},\"thumbnailUrl\":\"https:\\\/\\\/extensu.com\\\/wp-content\\\/uploads\\\/2023\\\/04\\\/Extensu-Acropol-22813-Single-plank.jpg\",\"datePublished\":\"2023-04-07T08:36:41+00:00\",\"dateModified\":\"2023-04-07T13:19:37+00:00\",\"description\":\"Extensu Acropol ist Teil unserer KULTUR-Kollektionen. Die Fliesenkollektion Acropol ist von der antiken griechischen Tempelanlage der Akropolis in Athen abgeleitet, die zum UNESCO-Weltkulturerbe geh\u00f6rt. Diese Fliesenkollektion hat ein sch\u00f6nes Steindesign in 4 modernen Farben.\",\"breadcrumb\":{\"@id\":\"https:\\\/\\\/extensu.com\\\/de\\\/kollektion\\\/acropol\\\/22813\\\/#breadcrumb\"},\"inLanguage\":\"de\",\"potentialAction\":[{\"@type\":\"ReadAction\",\"target\":[\"https:\\\/\\\/extensu.com\\\/de\\\/kollektion\\\/acropol\\\/22813\\\/\"]}]},{\"@type\":\"ImageObject\",\"inLanguage\":\"de\",\"@id\":\"https:\\\/\\\/extensu.com\\\/de\\\/kollektion\\\/acropol\\\/22813\\\/#primaryimage\",\"url\":\"https:\\\/\\\/extensu.com\\\/wp-content\\\/uploads\\\/2023\\\/04\\\/Extensu-Acropol-22813-Single-plank.jpg\",\"contentUrl\":\"https:\\\/\\\/extensu.com\\\/wp-content\\\/uploads\\\/2023\\\/04\\\/Extensu-Acropol-22813-Single-plank.jpg\",\"width\":720,\"height\":720},{\"@type\":\"BreadcrumbList\",\"@id\":\"https:\\\/\\\/extensu.com\\\/de\\\/kollektion\\\/acropol\\\/22813\\\/#breadcrumb\",\"itemListElement\":[{\"@type\":\"ListItem\",\"position\":1,\"name\":\"Extensu\",\"item\":\"https:\\\/\\\/extensu.com\\\/de\\\/\"},{\"@type\":\"ListItem\",\"position\":2,\"name\":\"Kollektion\",\"item\":\"https:\\\/\\\/extensu.com\\\/de\\\/kollektion\\\/\"},{\"@type\":\"ListItem\",\"position\":3,\"name\":\"Acropol\",\"item\":\"https:\\\/\\\/extensu.com\\\/de\\\/produkt-kategorie\\\/acropol\\\/\"},{\"@type\":\"ListItem\",\"position\":4,\"name\":\"22813\"}]},{\"@type\":\"WebSite\",\"@id\":\"https:\\\/\\\/extensu.com\\\/de\\\/#website\",\"url\":\"https:\\\/\\\/extensu.com\\\/de\\\/\",\"name\":\"Extensu\",\"description\":\"Verander de titel\",\"potentialAction\":[{\"@type\":\"SearchAction\",\"target\":{\"@type\":\"EntryPoint\",\"urlTemplate\":\"https:\\\/\\\/extensu.com\\\/de\\\/?s={search_term_string}\"},\"query-input\":{\"@type\":\"PropertyValueSpecification\",\"valueRequired\":true,\"valueName\":\"search_term_string\"}}],\"inLanguage\":\"de\"}]}<\/script>\n<!-- \/ Yoast SEO plugin. -->","yoast_head_json":{"title":"22813 - Extensu","description":"Extensu Acropol ist Teil unserer KULTUR-Kollektionen. Die Fliesenkollektion Acropol ist von der antiken griechischen Tempelanlage der Akropolis in Athen abgeleitet, die zum UNESCO-Weltkulturerbe geh\u00f6rt. Diese Fliesenkollektion hat ein sch\u00f6nes Steindesign in 4 modernen Farben.","robots":{"index":"index","follow":"follow","max-snippet":"max-snippet:-1","max-image-preview":"max-image-preview:large","max-video-preview":"max-video-preview:-1"},"canonical":"https:\/\/extensu.com\/de\/kollektion\/acropol\/22813\/","og_locale":"de_DE","og_type":"article","og_title":"22813 - Extensu","og_description":"Extensu Acropol ist Teil unserer KULTUR-Kollektionen. Die Fliesenkollektion Acropol ist von der antiken griechischen Tempelanlage der Akropolis in Athen abgeleitet, die zum UNESCO-Weltkulturerbe geh\u00f6rt. Diese Fliesenkollektion hat ein sch\u00f6nes Steindesign in 4 modernen Farben.","og_url":"https:\/\/extensu.com\/de\/kollektion\/acropol\/22813\/","og_site_name":"Extensu","article_modified_time":"2023-04-07T13:19:37+00:00","og_image":[{"width":720,"height":720,"url":"https:\/\/extensu.com\/wp-content\/uploads\/2023\/04\/Extensu-Acropol-22813-Single-plank.jpg","type":"image\/jpeg"}],"twitter_card":"summary_large_image","schema":{"@context":"https:\/\/schema.org","@graph":[{"@type":"WebPage","@id":"https:\/\/extensu.com\/de\/kollektion\/acropol\/22813\/","url":"https:\/\/extensu.com\/de\/kollektion\/acropol\/22813\/","name":"22813 - Extensu","isPartOf":{"@id":"https:\/\/extensu.com\/de\/#website"},"primaryImageOfPage":{"@id":"https:\/\/extensu.com\/de\/kollektion\/acropol\/22813\/#primaryimage"},"image":{"@id":"https:\/\/extensu.com\/de\/kollektion\/acropol\/22813\/#primaryimage"},"thumbnailUrl":"https:\/\/extensu.com\/wp-content\/uploads\/2023\/04\/Extensu-Acropol-22813-Single-plank.jpg","datePublished":"2023-04-07T08:36:41+00:00","dateModified":"2023-04-07T13:19:37+00:00","description":"Extensu Acropol ist Teil unserer KULTUR-Kollektionen. Die Fliesenkollektion Acropol ist von der antiken griechischen Tempelanlage der Akropolis in Athen abgeleitet, die zum UNESCO-Weltkulturerbe geh\u00f6rt. Diese Fliesenkollektion hat ein sch\u00f6nes Steindesign in 4 modernen Farben.","breadcrumb":{"@id":"https:\/\/extensu.com\/de\/kollektion\/acropol\/22813\/#breadcrumb"},"inLanguage":"de","potentialAction":[{"@type":"ReadAction","target":["https:\/\/extensu.com\/de\/kollektion\/acropol\/22813\/"]}]},{"@type":"ImageObject","inLanguage":"de","@id":"https:\/\/extensu.com\/de\/kollektion\/acropol\/22813\/#primaryimage","url":"https:\/\/extensu.com\/wp-content\/uploads\/2023\/04\/Extensu-Acropol-22813-Single-plank.jpg","contentUrl":"https:\/\/extensu.com\/wp-content\/uploads\/2023\/04\/Extensu-Acropol-22813-Single-plank.jpg","width":720,"height":720},{"@type":"BreadcrumbList","@id":"https:\/\/extensu.com\/de\/kollektion\/acropol\/22813\/#breadcrumb","itemListElement":[{"@type":"ListItem","position":1,"name":"Extensu","item":"https:\/\/extensu.com\/de\/"},{"@type":"ListItem","position":2,"name":"Kollektion","item":"https:\/\/extensu.com\/de\/kollektion\/"},{"@type":"ListItem","position":3,"name":"Acropol","item":"https:\/\/extensu.com\/de\/produkt-kategorie\/acropol\/"},{"@type":"ListItem","position":4,"name":"22813"}]},{"@type":"WebSite","@id":"https:\/\/extensu.com\/de\/#website","url":"https:\/\/extensu.com\/de\/","name":"Extensu","description":"Verander de titel","potentialAction":[{"@type":"SearchAction","target":{"@type":"EntryPoint","urlTemplate":"https:\/\/extensu.com\/de\/?s={search_term_string}"},"query-input":{"@type":"PropertyValueSpecification","valueRequired":true,"valueName":"search_term_string"}}],"inLanguage":"de"}]}},"_links":{"self":[{"href":"https:\/\/extensu.com\/de\/wp-json\/wp\/v2\/product\/3232","targetHints":{"allow":["GET"]}}],"collection":[{"href":"https:\/\/extensu.com\/de\/wp-json\/wp\/v2\/product"}],"about":[{"href":"https:\/\/extensu.com\/de\/wp-json\/wp\/v2\/types\/product"}],"replies":[{"embeddable":true,"href":"https:\/\/extensu.com\/de\/wp-json\/wp\/v2\/comments?post=3232"}],"wp:featuredmedia":[{"embeddable":true,"href":"https:\/\/extensu.com\/de\/wp-json\/wp\/v2\/media\/3104"}],"wp:attachment":[{"href":"https:\/\/extensu.com\/de\/wp-json\/wp\/v2\/media?parent=3232"}],"wp:term":[{"taxonomy":"product_brand","embeddable":true,"href":"https:\/\/extensu.com\/de\/wp-json\/wp\/v2\/product_brand?post=3232"},{"taxonomy":"product_cat","embeddable":true,"href":"https:\/\/extensu.com\/de\/wp-json\/wp\/v2\/product_cat?post=3232"},{"taxonomy":"product_tag","embeddable":true,"href":"https:\/\/extensu.com\/de\/wp-json\/wp\/v2\/product_tag?post=3232"}],"curies":[{"name":"wp","href":"https:\/\/api.w.org\/{rel}","templated":true}]}}